{"id":501,"date":"2021-04-21T14:37:28","date_gmt":"2021-04-21T12:37:28","guid":{"rendered":"https:\/\/ozrodicia.sk\/?page_id=501"},"modified":"2021-04-21T15:05:07","modified_gmt":"2021-04-21T13:05:07","slug":"blogy-a-clanky","status":"publish","type":"page","link":"https:\/\/ozrodicia.sk\/?page_id=501","title":{"rendered":"Blogy a \u010dl\u00e1nky"},"content":{"rendered":"<ul class=\"wp-block-latest-posts__list is-grid columns-3 has-dates wp-block-latest-posts\"><li><div class=\"wp-block-latest-posts__featured-image\"><img width=\"150\" height=\"150\" src=\"https:\/\/ozrodicia.sk\/wp-content\/uploads\/2024\/11\/AdobeStock_113047635_2-150x150.jpg\" class=\"attachment-thumbnail size-thumbnail wp-post-image\" alt=\"\" loading=\"lazy\" style=\"\" \/><\/div><a href=\"https:\/\/ozrodicia.sk\/?p=1065\">Ak\u00e9 je povedomie rodi\u010dov a verejnosti o kurikul\u00e1rnej reforme?<\/a><time datetime=\"2024-11-04T17:50:51+01:00\" class=\"wp-block-latest-posts__post-date\">4. novembra 2024<\/time><div class=\"wp-block-latest-posts__post-excerpt\">Kurikul\u00e1rna reforma je jednou z piatich t\u00e9m, ktor\u00e9 v roku 2023 z\u00e1stupcovia zdru\u017eenia Rodi\u010dia.sk identifikovali ako k\u013e\u00fa\u010dov\u00e9 pre slovensk\u00e9 \u0161kolstvo [&hellip;]<\/div><\/li>\n<li><div class=\"wp-block-latest-posts__featured-image\"><img width=\"150\" height=\"150\" src=\"https:\/\/ozrodicia.sk\/wp-content\/uploads\/2022\/11\/oz2022_11-150x150.jpg\" class=\"attachment-thumbnail size-thumbnail wp-post-image\" alt=\"\" loading=\"lazy\" style=\"\" \/><\/div><a href=\"https:\/\/ozrodicia.sk\/?p=1048\">Je pr\u00edprava \u017eiakov a \u0161tudentov na svet bud\u00facnosti dostato\u010dn\u00e1?<\/a><time datetime=\"2024-06-13T17:02:42+02:00\" class=\"wp-block-latest-posts__post-date\">13. j\u00fana 2024<\/time><div class=\"wp-block-latest-posts__post-excerpt\">V dne\u0161nej dynamicky meniacej sa dobe sa svet men\u00ed r\u00fdchlej\u0161ie ne\u017e kedyko\u013evek predt\u00fdm. S t\u00fdm prich\u00e1dza aj potreba pripravova\u0165 \u017eiakov [&hellip;]<\/div><\/li>\n<li><div class=\"wp-block-latest-posts__featured-image\"><img width=\"150\" height=\"150\" src=\"https:\/\/ozrodicia.sk\/wp-content\/uploads\/2023\/05\/shutterstock_1441821104-kopie_2-150x150.jpg\" class=\"attachment-thumbnail size-thumbnail wp-post-image\" alt=\"\" loading=\"lazy\" style=\"\" \/><\/div><a href=\"https:\/\/ozrodicia.sk\/?p=969\">V\u00edtame zavedenie pr\u00e1vneho n\u00e1roku die\u0165a\u0165a na miesto v \u0161t\u00e1tnej \u0161k\u00f4lke<\/a><time datetime=\"2023-05-26T12:49:35+02:00\" class=\"wp-block-latest-posts__post-date\">26. m\u00e1ja 2023<\/time><div class=\"wp-block-latest-posts__post-excerpt\">D\u0148a 9. m\u00e1ja 2023 schv\u00e1lila N\u00e1rodn\u00e1 rada SR novelu \u0161kolsk\u00e9ho z\u00e1kona a\u00a0novelu z\u00e1kona o\u00a0rodi\u010dovskom pr\u00edspevku, ktor\u00e9 by mali v\u00a0najbli\u017e\u0161\u00edch rokoch [&hellip;]<\/div><\/li>\n<li><div class=\"wp-block-latest-posts__featured-image\"><img width=\"150\" height=\"150\" src=\"https:\/\/ozrodicia.sk\/wp-content\/uploads\/2023\/05\/HKM-1-kopie-150x150.jpg\" class=\"attachment-thumbnail size-thumbnail wp-post-image\" alt=\"\" loading=\"lazy\" style=\"\" \/><\/div><a href=\"https:\/\/ozrodicia.sk\/?p=960\">K pohybu sme stvoren\u00ed a na pohyb odk\u00e1zan\u00ed<\/a><time datetime=\"2023-05-22T16:52:49+02:00\" class=\"wp-block-latest-posts__post-date\">22. m\u00e1ja 2023<\/time><div class=\"wp-block-latest-posts__post-excerpt\">M\u00e1m 52 rokov a&nbsp;pribli\u017ene od 4 rokov \u0161portujem. Venoval som sa vrcholov\u00e9mu \u0161portu, rekrea\u010dn\u00e9mu \u0161portu, vy\u0161tudoval som FTV\u0160, vr\u00e1tane doktor\u00e1tu. [&hellip;]<\/div><\/li>\n<li><div class=\"wp-block-latest-posts__featured-image\"><img width=\"150\" height=\"150\" src=\"https:\/\/ozrodicia.sk\/wp-content\/uploads\/2021\/04\/ozr2021_fb-150x150.jpg\" class=\"attachment-thumbnail size-thumbnail wp-post-image\" alt=\"\" loading=\"lazy\" style=\"\" \/><\/div><a href=\"https:\/\/ozrodicia.sk\/?p=928\">Video rozhovor: Napreduje \u0161port na \u0161kol\u00e1ch od konca pand\u00e9mie?<\/a><time datetime=\"2023-03-16T16:40:52+01:00\" class=\"wp-block-latest-posts__post-date\">16. marca 2023<\/time><div class=\"wp-block-latest-posts__post-excerpt\">O&nbsp;tom, ako sa dar\u00ed prin\u00e1\u0161a\u0165 a&nbsp;rozv\u00edja\u0165 pohyb na \u0161kol\u00e1ch rok od konca pand\u00e9mie sme sa tentokr\u00e1t rozpr\u00e1vali s splnomocnencom vl\u00e1dy [&hellip;]<\/div><\/li>\n<li><div class=\"wp-block-latest-posts__featured-image\"><img width=\"150\" height=\"150\" src=\"https:\/\/ozrodicia.sk\/wp-content\/uploads\/2023\/03\/Ozr2023_fb3-150x150.jpg\" class=\"attachment-thumbnail size-thumbnail wp-post-image\" alt=\"\" loading=\"lazy\" style=\"\" \/><\/div><a href=\"https:\/\/ozrodicia.sk\/?p=922\">Rodi\u010dia.sk podporili projekt \u201eDigit\u00e1lny \u017eiak\u201c<\/a><time datetime=\"2023-03-01T17:33:15+01:00\" class=\"wp-block-latest-posts__post-date\">1. marca 2023<\/time><div class=\"wp-block-latest-posts__post-excerpt\">Pred takmer 3 rokmi za\u010dala pand\u00e9mia ochorenia COVID19, ktor\u00e1 naplno odhalila nedostatky n\u00e1\u0161ho \u0161kolstva najm\u00e4 z\u00a0poh\u013eadu digitaliz\u00e1cie \u2013 teda pripravenosti [&hellip;]<\/div><\/li>\n<li><div class=\"wp-block-latest-posts__featured-image\"><img width=\"150\" height=\"150\" src=\"https:\/\/ozrodicia.sk\/wp-content\/uploads\/2022\/08\/AdobeStock_159794983.jpeg-kopie-150x150.jpg\" class=\"attachment-thumbnail size-thumbnail wp-post-image\" alt=\"\" loading=\"lazy\" style=\"\" \/><\/div><a href=\"https:\/\/ozrodicia.sk\/?p=918\">Ako hodnot\u00edme \u0161kolstvo v roku 2022 a v\u00fdkony oboch ministrov<\/a><time datetime=\"2023-02-02T15:59:42+01:00\" class=\"wp-block-latest-posts__post-date\">2. febru\u00e1ra 2023<\/time><div class=\"wp-block-latest-posts__post-excerpt\">Na\u0161e zdru\u017eenie bolo na sklonku roka osloven\u00e9 redakciou Hospod\u00e1rskych nov\u00edn, aby sme zhodnotili rok 2022 z poh\u013eadu odch\u00e1dzaj\u00faceho ministra \u0161kolstva, [&hellip;]<\/div><\/li>\n<li><div class=\"wp-block-latest-posts__featured-image\"><img width=\"150\" height=\"150\" src=\"https:\/\/ozrodicia.sk\/wp-content\/uploads\/2023\/01\/OZR2023_fb-150x150.jpg\" class=\"attachment-thumbnail size-thumbnail wp-post-image\" alt=\"\" loading=\"lazy\" style=\"\" \/><\/div><a href=\"https:\/\/ozrodicia.sk\/?p=898\">Mzdy pre u\u010dite\u013eov sa zvy\u0161uj\u00fa, Alb\u00e1nsko n\u00e1s sn\u00e1\u010f u\u017e nepredbehne&#8230;<\/a><time datetime=\"2023-01-19T16:46:27+01:00\" class=\"wp-block-latest-posts__post-date\">19. janu\u00e1ra 2023<\/time><div class=\"wp-block-latest-posts__post-excerpt\">Pod\u013ea dostupn\u00fdch inform\u00e1ci\u00ed Ministerstvo \u0161kolstva SR presadilo v rozpo\u010dte verejnej spr\u00e1vy na rok 2023 zv\u00fd\u0161enie v\u00fddavkov v region\u00e1lnom \u0161kolstve, ktor\u00fdmi [&hellip;]<\/div><\/li>\n<li><div class=\"wp-block-latest-posts__featured-image\"><img width=\"150\" height=\"150\" src=\"https:\/\/ozrodicia.sk\/wp-content\/uploads\/2022\/11\/oz2022_11-150x150.jpg\" class=\"attachment-thumbnail size-thumbnail wp-post-image\" alt=\"\" loading=\"lazy\" style=\"\" \/><\/div><a href=\"https:\/\/ozrodicia.sk\/?p=871\">Je nav\u00fd\u0161enie rozpo\u010dtu pre \u0161kolstvo na rok 2023 dostato\u010dn\u00e9?<\/a><time datetime=\"2022-11-11T15:39:07+01:00\" class=\"wp-block-latest-posts__post-date\">11. novembra 2022<\/time><div class=\"wp-block-latest-posts__post-excerpt\">Takmer polovica obyvate\u013eov SR si mysl\u00ed, \u017ee \u0161t\u00e1t len deklaruje z\u00e1ujem o&nbsp;t\u00e9mu vzdel\u00e1vania a&nbsp;v&nbsp;skuto\u010dnosti ho za prioritu jednoducho nepova\u017euje. Pr\u00edstup [&hellip;]<\/div><\/li>\n<li><div class=\"wp-block-latest-posts__featured-image\"><img width=\"150\" height=\"150\" src=\"https:\/\/ozrodicia.sk\/wp-content\/uploads\/2022\/08\/AdobeStock_159794983.jpeg-kopie-150x150.jpg\" class=\"attachment-thumbnail size-thumbnail wp-post-image\" alt=\"\" loading=\"lazy\" style=\"\" \/><\/div><a href=\"https:\/\/ozrodicia.sk\/?p=841\">Ve\u010dn\u00fd nedostatok miest v \u0161k\u00f4lkach \u2013 \u010do s t\u00fdm?<\/a><time datetime=\"2022-08-29T18:57:52+02:00\" class=\"wp-block-latest-posts__post-date\">29. augusta 2022<\/time><div class=\"wp-block-latest-posts__post-excerpt\">Nedostatok kapac\u00edt v&nbsp;\u0161k\u00f4lkach v&nbsp;slovensk\u00fdch mest\u00e1ch je jedn\u00fdm z&nbsp;exempl\u00e1rnych pr\u00edkladov nedostato\u010dne funguj\u00facich verejn\u00fdch slu\u017eieb, ktor\u00e9 ka\u017ed\u00fd rok robia tis\u00edcom rodi\u010dov vr\u00e1sky [&hellip;]<\/div><\/li>\n<li><div class=\"wp-block-latest-posts__featured-image\"><img width=\"150\" height=\"150\" src=\"https:\/\/ozrodicia.sk\/wp-content\/uploads\/2022\/07\/IMG-20220710-WA0014-kopie-150x150.jpg\" class=\"attachment-thumbnail size-thumbnail wp-post-image\" alt=\"\" loading=\"lazy\" style=\"\" \/><\/div><a href=\"https:\/\/ozrodicia.sk\/?p=827\">N\u00f3rsky pr\u00edstup k \u0161portu a pohybu det\u00ed &#8211; in\u0161pir\u00e1cia pre slovensk\u00e9 &#8222;kr\u00fa\u017ekovn\u00e9&#8220;?<\/a><time datetime=\"2022-07-21T08:57:38+02:00\" class=\"wp-block-latest-posts__post-date\">21. j\u00fala 2022<\/time><div class=\"wp-block-latest-posts__post-excerpt\">Posledn\u00fd mesiac sa na Slovensku rie\u0161i akt\u00edvnej\u0161ia podpora vo\u013eno\u010dasov\u00fdch aktiv\u00edt pre deti a ml\u00e1de\u017e zo strany \u0161t\u00e1tu, vr\u00e1tane oblasti pohybu [&hellip;]<\/div><\/li>\n<li><div class=\"wp-block-latest-posts__featured-image\"><img width=\"150\" height=\"150\" src=\"https:\/\/ozrodicia.sk\/wp-content\/uploads\/2022\/06\/Obrazok1-kopie-150x150.jpg\" class=\"attachment-thumbnail size-thumbnail wp-post-image\" alt=\"\" loading=\"lazy\" style=\"\" \/><\/div><a href=\"https:\/\/ozrodicia.sk\/?p=811\">Najprv vytvorme podmienky pre vo\u013eno\u010dasov\u00e9 aktivity det\u00ed, potom rie\u0161me finan\u010dn\u00e9 pr\u00edspevky<\/a><time datetime=\"2022-06-03T13:56:19+02:00\" class=\"wp-block-latest-posts__post-date\">3. j\u00fana 2022<\/time><div class=\"wp-block-latest-posts__post-excerpt\">Podpora vo\u013eno\u010dasov\u00fdch aktiv\u00edt det\u00ed v&nbsp;SR je dlhodobo slab\u00e1. Na \u0161kol\u00e1ch ch\u00fdba potrebn\u00e1 infra\u0161trukt\u00fara a&nbsp;podpora pedag\u00f3gom, ktor\u00ed by sa de\u0165om venovali. [&hellip;]<\/div><\/li>\n<li><div class=\"wp-block-latest-posts__featured-image\"><img width=\"150\" height=\"150\" src=\"https:\/\/ozrodicia.sk\/wp-content\/uploads\/2022\/02\/RZ2022_fb-poster-update-150x150.jpg\" class=\"attachment-thumbnail size-thumbnail wp-post-image\" alt=\"\" loading=\"lazy\" style=\"\" \/><\/div><a href=\"https:\/\/ozrodicia.sk\/?p=760\">Video: Debata Rodi\u010dia.sk s k\u013e\u00fa\u010dov\u00fdmi akt\u00e9rmi na t\u00e9mu \u201cPohyb a \u0161port na slovensk\u00fdch \u0161kol\u00e1ch\u201d<\/a><time datetime=\"2022-02-16T10:28:36+01:00\" class=\"wp-block-latest-posts__post-date\">16. febru\u00e1ra 2022<\/time><div class=\"wp-block-latest-posts__post-excerpt\">Verejn\u00e9 vyhl\u00e1senie OZ Rodi\u010dia.sk pod n\u00e1zvom: \u201ePohyb a \u0161port patr\u00ed k de\u0165om, patr\u00ed do \u0161k\u00f4l!&#8220;, ktor\u00e9 sme 1. j\u00fala predstavili [&hellip;]<\/div><\/li>\n<li><div class=\"wp-block-latest-posts__featured-image\"><img width=\"150\" height=\"150\" src=\"https:\/\/ozrodicia.sk\/wp-content\/uploads\/2022\/02\/OZR2022_prieskum_Page_01-150x150.jpg\" class=\"attachment-thumbnail size-thumbnail wp-post-image\" alt=\"\" loading=\"lazy\" style=\"\" \/><\/div><a href=\"https:\/\/ozrodicia.sk\/?p=742\">Verejnos\u0165 vn\u00edma, \u017ee deti si u\u017e zasl\u00fa\u017eia norm\u00e1lny \u017eivot<\/a><time datetime=\"2022-02-03T14:28:07+01:00\" class=\"wp-block-latest-posts__post-date\">3. febru\u00e1ra 2022<\/time><div class=\"wp-block-latest-posts__post-excerpt\">Aj ke\u010f mut\u00e1cia koronav\u00edrusu omikron je zatia\u013e najviac n\u00e1kazliv\u00e1, podiel rodi\u010dov s obavami pusti\u0165 svoje deti do \u0161koly sa oproti [&hellip;]<\/div><\/li>\n<li><div class=\"wp-block-latest-posts__featured-image\"><img width=\"150\" height=\"150\" src=\"https:\/\/ozrodicia.sk\/wp-content\/uploads\/2021\/11\/oz2021-11-01-150x150.jpg\" class=\"attachment-thumbnail size-thumbnail wp-post-image\" alt=\"\" loading=\"lazy\" style=\"\" \/><\/div><a href=\"https:\/\/ozrodicia.sk\/?p=683\">Ako sa dar\u00ed iniciat\u00edve \u201ePohyb a \u0161port patr\u00ed k de\u0165om, patr\u00ed do \u0161k\u00f4l\u201c?<\/a><time datetime=\"2021-11-15T09:54:18+01:00\" class=\"wp-block-latest-posts__post-date\">15. novembra 2021<\/time><div class=\"wp-block-latest-posts__post-excerpt\">K\u00fdm v prieskume verejnos\u0165 deklaruje pochopenie pre v\u00fdznam pohybu a&nbsp;\u0161portu v&nbsp;\u017eivotoch det\u00ed a&nbsp;ml\u00e1de\u017ee, verejn\u00e1 spr\u00e1va, samospr\u00e1vy, \u010di dokonca pedag\u00f3govia to [&hellip;]<\/div><\/li>\n<li><div class=\"wp-block-latest-posts__featured-image\"><img width=\"150\" height=\"150\" src=\"https:\/\/ozrodicia.sk\/wp-content\/uploads\/2021\/08\/shutterstock_59018779-kopie-150x150.jpg\" class=\"attachment-thumbnail size-thumbnail wp-post-image\" alt=\"\" loading=\"lazy\" style=\"\" \/><\/div><a href=\"https:\/\/ozrodicia.sk\/?p=617\">Chceme zdrav\u00e9 deti? Vy\u017ee\u0148me ich von, lebo bez pohybu to proste nejde.<\/a><time datetime=\"2021-08-26T09:38:31+02:00\" class=\"wp-block-latest-posts__post-date\">26. augusta 2021<\/time><div class=\"wp-block-latest-posts__post-excerpt\">Na konci \u0161kolsk\u00e9ho roka sme na tla\u010dovej konferencii predstavili v r\u00e1mci n\u00e1\u0161ho zdru\u017eenia v\u00fdsledky celoslovensk\u00e9ho prieskumu o tom, ako vpl\u00fdvala [&hellip;]<\/div><\/li>\n<li><div class=\"wp-block-latest-posts__featured-image\"><img width=\"150\" height=\"150\" src=\"https:\/\/ozrodicia.sk\/wp-content\/uploads\/2021\/04\/ozr2021_fb-150x150.jpg\" class=\"attachment-thumbnail size-thumbnail wp-post-image\" alt=\"\" loading=\"lazy\" style=\"\" \/><\/div><a href=\"https:\/\/ozrodicia.sk\/?p=590\">Podpora pre \u0161port na \u0161kol\u00e1ch m\u00e1 \u0161irok\u00fa podporu verejnosti, potvrdil prieskum OZ Rodi\u010dia.sk<\/a><time datetime=\"2021-07-09T19:24:26+02:00\" class=\"wp-block-latest-posts__post-date\">9. j\u00fala 2021<\/time><div class=\"wp-block-latest-posts__post-excerpt\">Prieskum Rodi\u010dia.sk potvrdil, \u017ee v\u0161etci obyvatelia Slovenska intenz\u00edvne vn\u00edmali negat\u00edvne dopady izol\u00e1cie na deti a ml\u00e1de\u017e po\u010das 2. vlny pand\u00e9mie, [&hellip;]<\/div><\/li>\n<li><div class=\"wp-block-latest-posts__featured-image\"><img width=\"150\" height=\"150\" src=\"https:\/\/ozrodicia.sk\/wp-content\/uploads\/2020\/12\/AdobeStock_313455375-150x150.jpg\" class=\"attachment-thumbnail size-thumbnail wp-post-image\" alt=\"\" loading=\"lazy\" style=\"\" \/><\/div><a href=\"https:\/\/ozrodicia.sk\/?p=532\">Pand\u00e9mia m\u00e1 na \u017eivot \u017eien v\u00e1\u017enej\u0161\u00ed dopad ako na mu\u017eov<\/a><time datetime=\"2021-05-20T11:02:54+02:00\" class=\"wp-block-latest-posts__post-date\">20. m\u00e1ja 2021<\/time><div class=\"wp-block-latest-posts__post-excerpt\">R\u00f4zne formy nerovnosti, ktor\u00e9 mnoh\u00e9 \u017eeny poci\u0165uj\u00fa v&nbsp;r\u00f4znych \u017eivotn\u00fdch situ\u00e1ci\u00e1ch, sa s\u00edce pomaly napr\u00e1vaj\u00fa, ale pand\u00e9mia tento proces spomalila. T\u00fato [&hellip;]<\/div><\/li>\n<li><div class=\"wp-block-latest-posts__featured-image\"><img width=\"150\" height=\"150\" src=\"https:\/\/ozrodicia.sk\/wp-content\/uploads\/2021\/04\/AdobeStock_120026222-150x150.jpg\" class=\"attachment-thumbnail size-thumbnail wp-post-image\" alt=\"\" loading=\"lazy\" style=\"\" \/><\/div><a href=\"https:\/\/ozrodicia.sk\/?p=376\">Online vyu\u010dovanie je pre pracuj\u00facich rodi\u010dov ve\u013ekou z\u00e1\u0165a\u017eou<\/a><time datetime=\"2021-04-09T13:05:29+02:00\" class=\"wp-block-latest-posts__post-date\">9. apr\u00edla 2021<\/time><div class=\"wp-block-latest-posts__post-excerpt\">Najnov\u0161ia \u0161t\u00fadia In\u0161tit\u00fatu pre verejn\u00e9 ot\u00e1zky (IVO) zameran\u00e1 na di\u0161tan\u010dn\u00e9 vzdel\u00e1vanie optikou rodi\u010dov dop\u013a\u0148a v\u00fdsledky prieskumu OZ Rodi\u010dia zo septembra [&hellip;]<\/div><\/li>\n<li><div class=\"wp-block-latest-posts__featured-image\"><img width=\"150\" height=\"150\" src=\"https:\/\/ozrodicia.sk\/wp-content\/uploads\/2021\/04\/AdobeStock_313455375-150x150.jpg\" class=\"attachment-thumbnail size-thumbnail wp-post-image\" alt=\"\" loading=\"lazy\" style=\"\" \/><\/div><a href=\"https:\/\/ozrodicia.sk\/?p=305\">Frustr\u00e1cii rodi\u010dov po\u010das pand\u00e9mie sa ne\u010dudujte, akumulovala sa u\u017e roky<\/a><time datetime=\"2020-12-21T09:32:08+01:00\" class=\"wp-block-latest-posts__post-date\">21. decembra 2020<\/time><div class=\"wp-block-latest-posts__post-excerpt\">Mnoh\u00fdm pr\u00eddu prejavy nespokojnosti rodi\u010dov po\u010das pand\u00e9mie ako prehnan\u00e9. Nech\u00e1pu to rozhor\u010denie kv\u00f4li zavret\u00fdm \u0161kol\u00e1m \u010di z\u00e1ujmov\u00fdm kr\u00fa\u017ekom. Ve\u010f m\u00f4\u017eeme [&hellip;]<\/div><\/li>\n<li><div class=\"wp-block-latest-posts__featured-image\"><img width=\"150\" height=\"150\" src=\"https:\/\/ozrodicia.sk\/wp-content\/uploads\/2020\/12\/ozr2020_16-12-150x150.jpg\" class=\"attachment-thumbnail size-thumbnail wp-post-image\" alt=\"\" loading=\"lazy\" style=\"\" \/><\/div><a href=\"https:\/\/ozrodicia.sk\/?p=296\">Netrestajte u\u017e za pand\u00e9miu rodi\u010dov s de\u0165mi<\/a><time datetime=\"2020-12-16T07:49:49+01:00\" class=\"wp-block-latest-posts__post-date\">16. decembra 2020<\/time><div class=\"wp-block-latest-posts__post-excerpt\">S\u00fa\u010dasn\u00e9 dianie na Slovensku a po\u010d\u00ednanie si kompetentn\u00fdch predstavite\u013eov \u0161t\u00e1tu vo vz\u0165ahu k pand\u00e9mii n\u00e1s n\u00fati sklamane kon\u0161tatova\u0165, \u017ee z [&hellip;]<\/div><\/li>\n<li><div class=\"wp-block-latest-posts__featured-image\"><img width=\"150\" height=\"150\" src=\"https:\/\/ozrodicia.sk\/wp-content\/uploads\/2020\/12\/AdobeStock_3359428142-1-150x150.jpg\" class=\"attachment-thumbnail size-thumbnail wp-post-image\" alt=\"\" loading=\"lazy\" style=\"\" \/><\/div><a href=\"https:\/\/ozrodicia.sk\/?p=282\">Desa\u0165 cenn\u00fdch r\u00e1d psychol\u00f3ga pre rodi\u010dov po\u010das karant\u00e9ny!<\/a><time datetime=\"2020-12-03T18:09:40+01:00\" class=\"wp-block-latest-posts__post-date\">3. decembra 2020<\/time><div class=\"wp-block-latest-posts__post-excerpt\">Z&nbsp;reprezentat\u00edvneho&nbsp;prieskumu&nbsp;OZ Rodi\u010dia.sk, zverejnen\u00e9ho v septembri 2020 bolo zrejm\u00e9, \u017ee k\u00fdm pozornos\u0165 kompetentn\u00fdch sa na Slovensku s\u00fastred\u00ed na boj s koronav\u00edrusom [&hellip;]<\/div><\/li>\n<li><div class=\"wp-block-latest-posts__featured-image\"><img width=\"150\" height=\"150\" src=\"https:\/\/ozrodicia.sk\/wp-content\/uploads\/2021\/04\/ozr2021_fb-150x150.jpg\" class=\"attachment-thumbnail size-thumbnail wp-post-image\" alt=\"\" loading=\"lazy\" style=\"\" \/><\/div><a href=\"https:\/\/ozrodicia.sk\/?p=273\">Ch\u00fdbaj\u00face pohybov\u00e9 aktivity det\u00ed a ml\u00e1de\u017ee po\u010das pand\u00e9mie s\u00fa v\u00e1\u017eny probl\u00e9m, zhoduj\u00fa sa experti Akad\u00e9mie Mateja T\u00f3tha s OZ Rodi\u010dia.sk<\/a><time datetime=\"2020-11-25T07:51:04+01:00\" class=\"wp-block-latest-posts__post-date\">25. novembra 2020<\/time><div class=\"wp-block-latest-posts__post-excerpt\">Vych\u00e1dzaj\u00fac z vlastn\u00e9ho reprezentat\u00edvneho prieskumu, OZ Rodi\u010dia.sk od septembra tlmo\u010d\u00ed postoje rodi\u010dov na pand\u00e9miu a s\u00favisiace ochrann\u00e9 opatrenia. Od 10.11.2020 [&hellip;]<\/div><\/li>\n<li><div class=\"wp-block-latest-posts__featured-image\"><img width=\"150\" height=\"150\" src=\"https:\/\/ozrodicia.sk\/wp-content\/uploads\/2020\/12\/AdobeStock_313455375-150x150.jpg\" class=\"attachment-thumbnail size-thumbnail wp-post-image\" alt=\"\" loading=\"lazy\" style=\"\" \/><\/div><a href=\"https:\/\/ozrodicia.sk\/?p=200\">Rodi\u010dia sa ob\u00e1vaj\u00fa o vzdel\u00e1vanie svojich det\u00ed po\u010das pand\u00e9mie, v\u00fdu\u010dba na dia\u013eku po\u010das prvej vlny mala ve\u013ek\u00e9 medzery<\/a><time datetime=\"2020-10-07T10:00:11+02:00\" class=\"wp-block-latest-posts__post-date\">7. okt\u00f3bra 2020<\/time><div class=\"wp-block-latest-posts__post-excerpt\">Reprezentat\u00edvny prieskum medzi obyvate\u013emi SR realizovan\u00fd ob\u010dianskym zdru\u017een\u00edm Rodi\u010dia.sk v spolupr\u00e1ci so spolo\u010dnos\u0165ou 2MUSE v septembri uk\u00e1zal, \u017ee rodi\u010dia det\u00ed [&hellip;]<\/div><\/li>\n<li><div class=\"wp-block-latest-posts__featured-image\"><img width=\"150\" height=\"150\" src=\"https:\/\/ozrodicia.sk\/wp-content\/uploads\/2021\/04\/AdobeStock_313455375-150x150.jpg\" class=\"attachment-thumbnail size-thumbnail wp-post-image\" alt=\"\" loading=\"lazy\" style=\"\" \/><\/div><a href=\"https:\/\/ozrodicia.sk\/?p=180\">Rodi\u010dov po\u010das pand\u00e9mie najviac des\u00ed hrozba straty pr\u00edjmu a zatvoren\u00e9 \u0161kolsk\u00e9 zariadenia<\/a><time datetime=\"2020-09-28T13:24:08+02:00\" class=\"wp-block-latest-posts__post-date\">28. septembra 2020<\/time><div class=\"wp-block-latest-posts__post-excerpt\">Reprezentat\u00edvny prieskum medzi obyvate\u013emi SR realizovan\u00fd ob\u010dianskym zdru\u017een\u00edm Rodi\u010dia.sk v spolupr\u00e1ci so spolo\u010dnos\u0165ou 2MUSE potvrdil, \u017ee k\u00fdm pre v\u00e4\u010d\u0161inu popul\u00e1cie [&hellip;]<\/div><\/li>\n<li><div class=\"wp-block-latest-posts__featured-image\"><img width=\"150\" height=\"150\" src=\"https:\/\/ozrodicia.sk\/wp-content\/uploads\/2020\/05\/cropped-RDC2020_icon-150x150.png\" class=\"attachment-thumbnail size-thumbnail wp-post-image\" alt=\"\" loading=\"lazy\" style=\"\" srcset=\"https:\/\/ozrodicia.sk\/wp-content\/uploads\/2020\/05\/cropped-RDC2020_icon-150x150.png 150w, https:\/\/ozrodicia.sk\/wp-content\/uploads\/2020\/05\/cropped-RDC2020_icon-300x300.png 300w, https:\/\/ozrodicia.sk\/wp-content\/uploads\/2020\/05\/cropped-RDC2020_icon-270x270.png 270w, https:\/\/ozrodicia.sk\/wp-content\/uploads\/2020\/05\/cropped-RDC2020_icon-192x192.png 192w, https:\/\/ozrodicia.sk\/wp-content\/uploads\/2020\/05\/cropped-RDC2020_icon-180x180.png 180w, https:\/\/ozrodicia.sk\/wp-content\/uploads\/2020\/05\/cropped-RDC2020_icon-32x32.png 32w, https:\/\/ozrodicia.sk\/wp-content\/uploads\/2020\/05\/cropped-RDC2020_icon.png 512w\" sizes=\"(max-width: 150px) 100vw, 150px\" \/><\/div><a href=\"https:\/\/ozrodicia.sk\/?p=162\">Sme ob\u010dianske zdru\u017eenie Rodi\u010dia.sk<\/a><time datetime=\"2020-09-21T18:10:14+02:00\" class=\"wp-block-latest-posts__post-date\">21. septembra 2020<\/time><div class=\"wp-block-latest-posts__post-excerpt\">Ka\u017ed\u00fd, kto m\u00e1 deti vie ak\u00e9 kr\u00e1sne, ale z\u00e1rove\u0148 n\u00e1ro\u010dn\u00e9 je by\u0165 rodi\u010dom. Ve\u013ea zodpovednosti, m\u00e1lo \u010dasu. S\u00fastredi\u0165 sa na [&hellip;]<\/div><\/li>\n<\/ul>","protected":false},"excerpt":{"rendered":"","protected":false},"author":1,"featured_media":480,"parent":0,"menu_order":0,"comment_status":"closed","ping_status":"closed","template":"","meta":{"sfsi_plus_gutenberg_text_before_share":"","sfsi_plus_gutenberg_show_text_before_share":"","sfsi_plus_gutenberg_icon_type":"","sfsi_plus_gutenberg_icon_alignemt":"","sfsi_plus_gutenburg_max_per_row":"","_mi_skip_tracking":false,"_monsterinsights_sitenote_active":false,"_monsterinsights_sitenote_note":"","_monsterinsights_sitenote_category":0},"_links":{"self":[{"href":"https:\/\/ozrodicia.sk\/index.php?rest_route=\/wp\/v2\/pages\/501"}],"collection":[{"href":"https:\/\/ozrodicia.sk\/index.php?rest_route=\/wp\/v2\/pages"}],"about":[{"href":"https:\/\/ozrodicia.sk\/index.php?rest_route=\/wp\/v2\/types\/page"}],"author":[{"embeddable":true,"href":"https:\/\/ozrodicia.sk\/index.php?rest_route=\/wp\/v2\/users\/1"}],"replies":[{"embeddable":true,"href":"https:\/\/ozrodicia.sk\/index.php?rest_route=%2Fwp%2Fv2%2Fcomments&post=501"}],"version-history":[{"count":2,"href":"https:\/\/ozrodicia.sk\/index.php?rest_route=\/wp\/v2\/pages\/501\/revisions"}],"predecessor-version":[{"id":520,"href":"https:\/\/ozrodicia.sk\/index.php?rest_route=\/wp\/v2\/pages\/501\/revisions\/520"}],"wp:featuredmedia":[{"embeddable":true,"href":"https:\/\/ozrodicia.sk\/index.php?rest_route=\/wp\/v2\/media\/480"}],"wp:attachment":[{"href":"https:\/\/ozrodicia.sk\/index.php?rest_route=%2Fwp%2Fv2%2Fmedia&parent=501"}],"curies":[{"name":"wp","href":"https:\/\/api.w.org\/{rel}","templated":true}]}}