{"id":497,"date":"2021-04-21T14:32:33","date_gmt":"2021-04-21T12:32:33","guid":{"rendered":"https:\/\/ozrodicia.sk\/?page_id=497"},"modified":"2021-04-21T15:05:30","modified_gmt":"2021-04-21T13:05:30","slug":"prieskumy-a-analyzy","status":"publish","type":"page","link":"https:\/\/ozrodicia.sk\/?page_id=497","title":{"rendered":"Prieskumy a anal\u00fdzy"},"content":{"rendered":"<ul class=\"wp-block-latest-posts__list is-grid columns-3 has-dates wp-block-latest-posts\"><li><div class=\"wp-block-latest-posts__featured-image\"><img width=\"150\" height=\"150\" src=\"https:\/\/ozrodicia.sk\/wp-content\/uploads\/2022\/11\/Stara-trieda-150x150.jpg\" class=\"attachment-thumbnail size-thumbnail wp-post-image\" alt=\"\" loading=\"lazy\" style=\"\" \/><\/div><a href=\"https:\/\/ozrodicia.sk\/?p=1095\">Ako vn\u00edmaj\u00fa rodi\u010dia a verejnos\u0165 probl\u00e9m \u0161ikany na slovensk\u00fdch \u0161kol\u00e1ch?<\/a><time datetime=\"2025-07-08T17:26:52+02:00\" class=\"wp-block-latest-posts__post-date\">8. j\u00fala 2025<\/time><\/li>\n<li><div class=\"wp-block-latest-posts__featured-image\"><img width=\"150\" height=\"150\" src=\"https:\/\/ozrodicia.sk\/wp-content\/uploads\/2023\/01\/OZR2023_fb-150x150.jpg\" class=\"attachment-thumbnail size-thumbnail wp-post-image\" alt=\"\" loading=\"lazy\" style=\"\" \/><\/div><a href=\"https:\/\/ozrodicia.sk\/?p=1079\">Ak\u00fa \u00falohu pripisuj\u00fa rodi\u010dia a verejnos\u0165 u\u010dite\u013eom v syst\u00e9me vzdel\u00e1vania?<\/a><time datetime=\"2025-01-31T14:10:11+01:00\" class=\"wp-block-latest-posts__post-date\">31. janu\u00e1ra 2025<\/time><\/li>\n<li><div class=\"wp-block-latest-posts__featured-image\"><img width=\"150\" height=\"150\" src=\"https:\/\/ozrodicia.sk\/wp-content\/uploads\/2021\/09\/ozr2021_fb3-150x150.jpg\" class=\"attachment-thumbnail size-thumbnail wp-post-image\" alt=\"\" loading=\"lazy\" style=\"\" \/><\/div><a href=\"https:\/\/ozrodicia.sk\/?p=630\">Aj napriek strachu chce v\u00e4\u010d\u0161ina rodi\u010dov pre deti \u010do najmenej obmedzen\u00ed<\/a><time datetime=\"2021-09-30T21:13:45+02:00\" class=\"wp-block-latest-posts__post-date\">30. septembra 2021<\/time><\/li>\n<li><div class=\"wp-block-latest-posts__featured-image\"><img width=\"150\" height=\"150\" src=\"https:\/\/ozrodicia.sk\/wp-content\/uploads\/2021\/04\/ozr2021_fb-150x150.jpg\" class=\"attachment-thumbnail size-thumbnail wp-post-image\" alt=\"\" loading=\"lazy\" style=\"\" \/><\/div><a href=\"https:\/\/ozrodicia.sk\/?p=590\">Podpora pre \u0161port na \u0161kol\u00e1ch m\u00e1 \u0161irok\u00fa podporu verejnosti, potvrdil prieskum OZ Rodi\u010dia.sk<\/a><time datetime=\"2021-07-09T19:24:26+02:00\" class=\"wp-block-latest-posts__post-date\">9. j\u00fala 2021<\/time><\/li>\n<li><div class=\"wp-block-latest-posts__featured-image\"><img width=\"150\" height=\"150\" src=\"https:\/\/ozrodicia.sk\/wp-content\/uploads\/2021\/04\/AdobeStock_120026222-150x150.jpg\" class=\"attachment-thumbnail size-thumbnail wp-post-image\" alt=\"\" loading=\"lazy\" style=\"\" \/><\/div><a href=\"https:\/\/ozrodicia.sk\/?p=322\">\u010co si myslia rodi\u010dia o otv\u00e1ran\u00ed \u0161k\u00f4l &#8211; nov\u00fd prieskum<\/a><time datetime=\"2021-02-12T18:51:06+01:00\" class=\"wp-block-latest-posts__post-date\">12. febru\u00e1ra 2021<\/time><\/li>\n<li><div class=\"wp-block-latest-posts__featured-image\"><img width=\"150\" height=\"150\" src=\"https:\/\/ozrodicia.sk\/wp-content\/uploads\/2020\/12\/AdobeStock_313455375-150x150.jpg\" class=\"attachment-thumbnail size-thumbnail wp-post-image\" alt=\"\" loading=\"lazy\" style=\"\" \/><\/div><a href=\"https:\/\/ozrodicia.sk\/?p=200\">Rodi\u010dia sa ob\u00e1vaj\u00fa o vzdel\u00e1vanie svojich det\u00ed po\u010das pand\u00e9mie, v\u00fdu\u010dba na dia\u013eku po\u010das prvej vlny mala ve\u013ek\u00e9 medzery<\/a><time datetime=\"2020-10-07T10:00:11+02:00\" class=\"wp-block-latest-posts__post-date\">7. okt\u00f3bra 2020<\/time><\/li>\n<li><div class=\"wp-block-latest-posts__featured-image\"><img width=\"150\" height=\"150\" src=\"https:\/\/ozrodicia.sk\/wp-content\/uploads\/2021\/04\/AdobeStock_313455375-150x150.jpg\" class=\"attachment-thumbnail size-thumbnail wp-post-image\" alt=\"\" loading=\"lazy\" style=\"\" \/><\/div><a href=\"https:\/\/ozrodicia.sk\/?p=180\">Rodi\u010dov po\u010das pand\u00e9mie najviac des\u00ed hrozba straty pr\u00edjmu a zatvoren\u00e9 \u0161kolsk\u00e9 zariadenia<\/a><time datetime=\"2020-09-28T13:24:08+02:00\" class=\"wp-block-latest-posts__post-date\">28. septembra 2020<\/time><\/li>\n<\/ul>","protected":false},"excerpt":{"rendered":"","protected":false},"author":1,"featured_media":481,"parent":0,"menu_order":0,"comment_status":"closed","ping_status":"closed","template":"","meta":{"sfsi_plus_gutenberg_text_before_share":"","sfsi_plus_gutenberg_show_text_before_share":"","sfsi_plus_gutenberg_icon_type":"","sfsi_plus_gutenberg_icon_alignemt":"","sfsi_plus_gutenburg_max_per_row":"","_mi_skip_tracking":false,"_monsterinsights_sitenote_active":false,"_monsterinsights_sitenote_note":"","_monsterinsights_sitenote_category":0},"_links":{"self":[{"href":"https:\/\/ozrodicia.sk\/index.php?rest_route=\/wp\/v2\/pages\/497"}],"collection":[{"href":"https:\/\/ozrodicia.sk\/index.php?rest_route=\/wp\/v2\/pages"}],"about":[{"href":"https:\/\/ozrodicia.sk\/index.php?rest_route=\/wp\/v2\/types\/page"}],"author":[{"embeddable":true,"href":"https:\/\/ozrodicia.sk\/index.php?rest_route=\/wp\/v2\/users\/1"}],"replies":[{"embeddable":true,"href":"https:\/\/ozrodicia.sk\/index.php?rest_route=%2Fwp%2Fv2%2Fcomments&post=497"}],"version-history":[{"count":3,"href":"https:\/\/ozrodicia.sk\/index.php?rest_route=\/wp\/v2\/pages\/497\/revisions"}],"predecessor-version":[{"id":521,"href":"https:\/\/ozrodicia.sk\/index.php?rest_route=\/wp\/v2\/pages\/497\/revisions\/521"}],"wp:featuredmedia":[{"embeddable":true,"href":"https:\/\/ozrodicia.sk\/index.php?rest_route=\/wp\/v2\/media\/481"}],"wp:attachment":[{"href":"https:\/\/ozrodicia.sk\/index.php?rest_route=%2Fwp%2Fv2%2Fmedia&parent=497"}],"curies":[{"name":"wp","href":"https:\/\/api.w.org\/{rel}","templated":true}]}}