{"id":389,"date":"2021-04-14T12:05:31","date_gmt":"2021-04-14T10:05:31","guid":{"rendered":"http:\/\/ozrodicia.sk\/?page_id=389"},"modified":"2021-04-16T11:15:41","modified_gmt":"2021-04-16T09:15:41","slug":"clanky","status":"publish","type":"page","link":"https:\/\/ozrodicia.sk\/","title":{"rendered":"Najnov\u0161ie pr\u00edspevky"},"content":{"rendered":"\n<div class=\"wp-block-columns\">\n<div class=\"wp-block-column\" style=\"flex-basis:100%\">\n<div class=\"wp-block-group\"><div class=\"wp-block-group__inner-container\"><ul class=\"wp-block-latest-posts__list is-grid columns-2 has-dates wp-block-latest-posts\"><li><div class=\"wp-block-latest-posts__featured-image\"><img width=\"680\" height=\"356\" src=\"https:\/\/ozrodicia.sk\/wp-content\/uploads\/2025\/09\/14-kopie-1024x536.jpg\" class=\"attachment-large size-large wp-post-image\" alt=\"\" loading=\"lazy\" style=\"\" srcset=\"https:\/\/ozrodicia.sk\/wp-content\/uploads\/2025\/09\/14-kopie-1024x536.jpg 1024w, https:\/\/ozrodicia.sk\/wp-content\/uploads\/2025\/09\/14-kopie-300x157.jpg 300w, https:\/\/ozrodicia.sk\/wp-content\/uploads\/2025\/09\/14-kopie-768x402.jpg 768w, https:\/\/ozrodicia.sk\/wp-content\/uploads\/2025\/09\/14-kopie.jpg 1200w\" sizes=\"(max-width: 680px) 100vw, 680px\" \/><\/div><a href=\"https:\/\/ozrodicia.sk\/?p=1114\">Konsolid\u00e1cia nesmie e\u0161te viac za\u0165a\u017ei\u0165 rodiny s de\u0165mi<\/a><time datetime=\"2025-09-23T18:27:52+02:00\" class=\"wp-block-latest-posts__post-date\">23. septembra 2025<\/time><\/li>\n<li><div class=\"wp-block-latest-posts__featured-image\"><img width=\"680\" height=\"458\" src=\"https:\/\/ozrodicia.sk\/wp-content\/uploads\/2022\/11\/Stara-trieda.jpg\" class=\"attachment-large size-large wp-post-image\" alt=\"\" loading=\"lazy\" style=\"\" srcset=\"https:\/\/ozrodicia.sk\/wp-content\/uploads\/2022\/11\/Stara-trieda.jpg 800w, https:\/\/ozrodicia.sk\/wp-content\/uploads\/2022\/11\/Stara-trieda-300x202.jpg 300w, https:\/\/ozrodicia.sk\/wp-content\/uploads\/2022\/11\/Stara-trieda-768x517.jpg 768w\" sizes=\"(max-width: 680px) 100vw, 680px\" \/><\/div><a href=\"https:\/\/ozrodicia.sk\/?p=1095\">Ako vn\u00edmaj\u00fa rodi\u010dia a verejnos\u0165 probl\u00e9m \u0161ikany na slovensk\u00fdch \u0161kol\u00e1ch?<\/a><time datetime=\"2025-07-08T17:26:52+02:00\" class=\"wp-block-latest-posts__post-date\">8. j\u00fala 2025<\/time><\/li>\n<li><div class=\"wp-block-latest-posts__featured-image\"><img width=\"680\" height=\"356\" src=\"https:\/\/ozrodicia.sk\/wp-content\/uploads\/2023\/01\/OZR2023_fb-1024x536.jpg\" class=\"attachment-large size-large wp-post-image\" alt=\"\" loading=\"lazy\" style=\"\" srcset=\"https:\/\/ozrodicia.sk\/wp-content\/uploads\/2023\/01\/OZR2023_fb-1024x536.jpg 1024w, https:\/\/ozrodicia.sk\/wp-content\/uploads\/2023\/01\/OZR2023_fb-300x157.jpg 300w, https:\/\/ozrodicia.sk\/wp-content\/uploads\/2023\/01\/OZR2023_fb-768x402.jpg 768w, https:\/\/ozrodicia.sk\/wp-content\/uploads\/2023\/01\/OZR2023_fb.jpg 1200w\" sizes=\"(max-width: 680px) 100vw, 680px\" \/><\/div><a href=\"https:\/\/ozrodicia.sk\/?p=1079\">Ak\u00fa \u00falohu pripisuj\u00fa rodi\u010dia a verejnos\u0165 u\u010dite\u013eom v syst\u00e9me vzdel\u00e1vania?<\/a><time datetime=\"2025-01-31T14:10:11+01:00\" class=\"wp-block-latest-posts__post-date\">31. janu\u00e1ra 2025<\/time><\/li>\n<li><div class=\"wp-block-latest-posts__featured-image\"><img width=\"680\" height=\"356\" src=\"https:\/\/ozrodicia.sk\/wp-content\/uploads\/2024\/11\/AdobeStock_113047635_2-1024x536.jpg\" class=\"attachment-large size-large wp-post-image\" alt=\"\" loading=\"lazy\" style=\"\" srcset=\"https:\/\/ozrodicia.sk\/wp-content\/uploads\/2024\/11\/AdobeStock_113047635_2-1024x536.jpg 1024w, https:\/\/ozrodicia.sk\/wp-content\/uploads\/2024\/11\/AdobeStock_113047635_2-300x157.jpg 300w, https:\/\/ozrodicia.sk\/wp-content\/uploads\/2024\/11\/AdobeStock_113047635_2-768x402.jpg 768w, https:\/\/ozrodicia.sk\/wp-content\/uploads\/2024\/11\/AdobeStock_113047635_2-1536x804.jpg 1536w, https:\/\/ozrodicia.sk\/wp-content\/uploads\/2024\/11\/AdobeStock_113047635_2-2048x1072.jpg 2048w\" sizes=\"(max-width: 680px) 100vw, 680px\" \/><\/div><a href=\"https:\/\/ozrodicia.sk\/?p=1065\">Ak\u00e9 je povedomie rodi\u010dov a verejnosti o kurikul\u00e1rnej reforme?<\/a><time datetime=\"2024-11-04T17:50:51+01:00\" class=\"wp-block-latest-posts__post-date\">4. novembra 2024<\/time><\/li>\n<\/ul>\n\n\n<p><\/p>\n<\/div><\/div>\n<\/div>\n<\/div>\n","protected":false},"excerpt":{"rendered":"","protected":false},"author":1,"featured_media":0,"parent":0,"menu_order":0,"comment_status":"closed","ping_status":"closed","template":"","meta":{"sfsi_plus_gutenberg_text_before_share":"","sfsi_plus_gutenberg_show_text_before_share":"","sfsi_plus_gutenberg_icon_type":"","sfsi_plus_gutenberg_icon_alignemt":"","sfsi_plus_gutenburg_max_per_row":"","_mi_skip_tracking":false,"_monsterinsights_sitenote_active":false,"_monsterinsights_sitenote_note":"","_monsterinsights_sitenote_category":0},"_links":{"self":[{"href":"https:\/\/ozrodicia.sk\/index.php?rest_route=\/wp\/v2\/pages\/389"}],"collection":[{"href":"https:\/\/ozrodicia.sk\/index.php?rest_route=\/wp\/v2\/pages"}],"about":[{"href":"https:\/\/ozrodicia.sk\/index.php?rest_route=\/wp\/v2\/types\/page"}],"author":[{"embeddable":true,"href":"https:\/\/ozrodicia.sk\/index.php?rest_route=\/wp\/v2\/users\/1"}],"replies":[{"embeddable":true,"href":"https:\/\/ozrodicia.sk\/index.php?rest_route=%2Fwp%2Fv2%2Fcomments&post=389"}],"version-history":[{"count":7,"href":"https:\/\/ozrodicia.sk\/index.php?rest_route=\/wp\/v2\/pages\/389\/revisions"}],"predecessor-version":[{"id":469,"href":"https:\/\/ozrodicia.sk\/index.php?rest_route=\/wp\/v2\/pages\/389\/revisions\/469"}],"wp:attachment":[{"href":"https:\/\/ozrodicia.sk\/index.php?rest_route=%2Fwp%2Fv2%2Fmedia&parent=389"}],"curies":[{"name":"wp","href":"https:\/\/api.w.org\/{rel}","templated":true}]}}