{"id":31,"date":"2020-05-31T21:33:34","date_gmt":"2020-05-31T19:33:34","guid":{"rendered":"http:\/\/d.wbsprt.com\/ozrodicia.sk\/?page_id=31"},"modified":"2023-12-19T17:15:04","modified_gmt":"2023-12-19T16:15:04","slug":"o-nas","status":"publish","type":"page","link":"https:\/\/ozrodicia.sk\/?page_id=31","title":{"rendered":"O na\u0161om zdru\u017een\u00ed"},"content":{"rendered":"\n<p><\/p>\n\n\n\n<p><\/p>\n\n\n\n<p>Ob\u010dianske zdru\u017eenie Rodi\u010dia.sk je dobrovo\u013en\u00fdm, mimovl\u00e1dnym, nez\u00e1visl\u00fdm, neziskov\u00fdm ob\u010dianskym zdru\u017een\u00edm. Sp\u00e1ja n\u00e1s presved\u010denie, \u017ee len skuto\u010dne priazniv\u00e9 podmienky pre \u017eivot rodi\u010dov a ich deti s\u00fa predpokladom pre zdrav\u00fa spolo\u010dnos\u0165, ktor\u00e1 mysl\u00ed na svoju bud\u00facnos\u0165. Vtedy toti\u017e m\u00f4\u017eu vies\u0165 spokojn\u00e9 \u017eivoty dospel\u00ed, deti aj d\u00f4chodcovia. Podpora rodi\u010dov v ich zodpovednej \u00falohe a investovanie do det\u00ed a ml\u00e1de\u017ee s\u00fa pod\u013ea n\u00e1s tou najlep\u0161ou invest\u00edciou do na\u0161ej spolo\u010dnej bud\u00facnosti. Slovensko v\u0161ak v tomto oh\u013eade zaost\u00e1va. My tento trend chceme pom\u00f4c\u0165 zmeni\u0165. <\/p>\n\n\n\n<p><\/p>\n\n\n\n<p class=\"has-luminous-vivid-orange-color has-text-color has-medium-font-size\"><em><strong>Chceme by\u0165 hlasom v\u0161etk\u00fdch rod\u00edn a rodi\u010dov v snahe zlep\u0161ova\u0165 podmienky pre ich ka\u017edodenn\u00fd \u017eivot. Sme presved\u010den\u00ed, \u017ee vieme pon\u00faknu\u0165 nielen kon\u0161trukt\u00edvnu kritiku, ale aj zauj\u00edmav\u00e9 rie\u0161enia, ktor\u00fdch naplnenie nemus\u00ed by\u0165 v\u00f4bec n\u00e1ro\u010dn\u00e9.<\/strong> <\/em><\/p>\n\n\n\n<p><\/p>\n\n\n\n<h2><strong>\u010co s\u00fa na\u0161e hlavn\u00e9 ciele?<\/strong><\/h2>\n\n\n\n<div class=\"wp-block-columns\">\n<div class=\"wp-block-column\">\n<div class=\"wp-block-buttons is-content-justification-center\">\n<div class=\"wp-block-button is-style-fill\"><a class=\"wp-block-button__link has-very-dark-gray-color has-very-light-gray-background-color has-text-color has-background\" style=\"border-radius:50px\"><strong>1.<\/strong><\/a><\/div>\n<\/div>\n\n\n\n<p style=\"text-align: center;\"><strong>Aby sa potreby a probl\u00e9my rodi\u010dov a det\u00ed na Slovensku stali v\u00fdznamnou s\u00fa\u010das\u0165ou spolo\u010densk\u00fdch deb\u00e1t&nbsp;<\/strong><\/p>\n<\/div>\n\n\n\n<div class=\"wp-block-column\">\n<div class=\"wp-block-buttons is-content-justification-center\">\n<div class=\"wp-block-button is-style-fill\"><a class=\"wp-block-button__link has-very-dark-gray-color has-very-light-gray-background-color has-text-color has-background\" style=\"border-radius:50px\"><strong>2.<\/strong><\/a><\/div>\n<\/div>\n\n\n\n<p style=\"text-align: center;\"><strong>Zmobilizova\u0165 rodi\u010dov k v\u00e4\u010d\u0161ej anga\u017eovanosti a k formul\u00e1ci\u00ed a presadzovaniu konkr\u00e9tnych rie\u0161en\u00ed pre ich lep\u0161\u00ed \u017eivot&nbsp;<\/strong><\/p>\n\n\n\n<p><\/p>\n<\/div>\n\n\n\n<div class=\"wp-block-column\">\n<div class=\"wp-block-buttons is-content-justification-center\">\n<div class=\"wp-block-button is-style-fill\"><a class=\"wp-block-button__link has-very-dark-gray-color has-very-light-gray-background-color has-text-color has-background\" style=\"border-radius:50px\"><strong>3.<\/strong><\/a><\/div>\n<\/div>\n\n\n\n<p style=\"text-align: center;\"><strong>Prin\u00e1\u0161a\u0165 nov\u00e9 a podporova\u0165&nbsp; existuj\u00face aktivity zlep\u0161uj\u00face podmienky pre \u017eivot rodi\u010dov a ich det\u00ed na Slovensku<\/strong><\/p>\n<p><\/p>\n\n\n\n<p><\/p>\n<\/div>\n<\/div>\n\n\n\n<h1><strong>Na\u0161e stanovy<\/strong><\/h1>\n\n\n\n<div class=\"wp-block-buttons\">\n<div class=\"wp-block-button\"><a class=\"wp-block-button__link has-very-light-gray-color has-text-color has-background\" href=\"http:\/\/ozrodicia.sk\/wp-content\/uploads\/2020\/06\/ozrodicia_stanovy.pdf\" style=\"background-color:#575756\" target=\"_blank\" rel=\"noreferrer noopener\">Stanovy OZ Rodi\u010dia.sk (.pdf)<\/a><\/div>\n<\/div>\n\n\n\n<p>   <\/p>\n\n\n\n<p>   <\/p>\n\n\n\n<h2><strong>Zakladaj\u00faci \u010dlenovia<\/strong><\/h2>\n\n\n\n<div class=\"wp-block-columns\">\n<div class=\"wp-block-column\" style=\"flex-basis:33.33%\">\n<figure class=\"wp-block-image size-large\"><img loading=\"lazy\" width=\"250\" height=\"250\" src=\"http:\/\/d.wbsprt.com\/ozrodicia.sk\/wp-content\/uploads\/2020\/06\/Matej-Stuska_DSC1966-2.jpg\" alt=\"\" class=\"wp-image-86\" srcset=\"https:\/\/ozrodicia.sk\/wp-content\/uploads\/2020\/06\/Matej-Stuska_DSC1966-2.jpg 250w, https:\/\/ozrodicia.sk\/wp-content\/uploads\/2020\/06\/Matej-Stuska_DSC1966-2-150x150.jpg 150w\" sizes=\"(max-width: 250px) 100vw, 250px\" \/><\/figure>\n<\/div>\n\n\n\n<div class=\"wp-block-column\" style=\"flex-basis:66.66%\">\n<h1><span style=\"color: #dc9018;\">Matej Stu\u0161ka<\/span><\/h1>\n<p>spoluzakladate\u013e a v\u00fdkonn\u00fd riadite\u013e\u00a0<\/p>\n<h6 style=\"margin: 0cm; margin-bottom: .0001pt;\"><span style=\"font-family: 'Arial',sans-serif; color: black;\">Matej je absolvent obchodnej fakulty na Ekonomickej univerzite v Bratislave. U\u017e 20 rokov p\u00f4sob\u00ed v s\u00fakromnej sf\u00e9re ako \u0161pecialista na oblas\u0165 regul\u00e1cie, verejnej politiky a in\u0161titucion\u00e1lne vz\u0165ahy. Pracoval v \u0165a\u017ekom priemysle, dnes v sektore telekomunik\u00e1ci\u00ed. Dlhodobo p\u00f4sob\u00ed na p\u00f4de r\u00f4znych odborn\u00fdch zdru\u017een\u00ed, kde sa venuje t\u00e9mam hospod\u00e1rskej politiky, digitaliz\u00e1cie, vzdel\u00e1vaniu \u010di kvalite podnikate\u013esk\u00e9ho prostredia. Je \u017eenat\u00fd, m\u00e1 dvoch synov a svoje sk\u00fasenosti chce teraz venova\u0165 boju za lep\u0161\u00ed \u017eivot rodi\u010dov a rod\u00edn v na\u0161ej krajine.\u00a0<\/span><\/h6>\n\n\n\n<p><\/p>\n<\/div>\n<\/div>\n\n\n\n<blockquote class=\"wp-block-quote is-style-default\"><p><strong>&#8222;<\/strong><em>Podmienky, ak\u00e9 vytvor\u00edme pre rodi\u010dov a ich deti dnes sa priamo odrazia v \u017eivotnej \u00farovni Slovenska v bud\u00facnosti. Ak ale rodi\u010dia nebud\u00fa schopn\u00ed svoje potreby jasne formulova\u0165 a komunikova\u0165, ostan\u00fa v tieni in\u00fdch spolo\u010densk\u00fdch t\u00e9m a pseudot\u00e9m.<\/em><\/p><\/blockquote>\n\n\n\n<div class=\"wp-block-columns\">\n<div class=\"wp-block-column\" style=\"flex-basis:33.33%\">\n<figure class=\"wp-block-image size-large\"><img loading=\"lazy\" width=\"250\" height=\"250\" src=\"http:\/\/d.wbsprt.com\/ozrodicia.sk\/wp-content\/uploads\/2020\/06\/peto_kolesar2.jpg\" alt=\"\" class=\"wp-image-98\" srcset=\"https:\/\/ozrodicia.sk\/wp-content\/uploads\/2020\/06\/peto_kolesar2.jpg 250w, https:\/\/ozrodicia.sk\/wp-content\/uploads\/2020\/06\/peto_kolesar2-150x150.jpg 150w\" sizes=\"(max-width: 250px) 100vw, 250px\" \/><\/figure>\n<\/div>\n\n\n\n<div class=\"wp-block-column\" style=\"flex-basis:66.66%\">\n<h1><span style=\"color: #dc9018;\">Peter Koles\u00e1r<\/span><\/h1>\n<h6>Peter je absolvent Masarykovej univerzity v Brne a Stredoeur\u00f3pskej univerzity v Budape\u0161ti. V minulosti \u017eil a pracoval v Izraeli a Spojen\u00fdch \u0161t\u00e1toch, moment\u00e1lne vedie firmu, ktor\u00e1 sa venuje podpore inov\u00e1ci\u00ed a startupov. Je \u017eenat\u00fd, m\u00e1 dve deti.<\/h6>\n\n\n\n<p><\/p>\n<\/div>\n<\/div>\n\n\n\n<div class=\"wp-block-columns\">\n<div class=\"wp-block-column\" style=\"flex-basis:33.33%\">\n<figure class=\"wp-block-image size-large\"><img loading=\"lazy\" width=\"250\" height=\"250\" src=\"http:\/\/d.wbsprt.com\/ozrodicia.sk\/wp-content\/uploads\/2020\/06\/Untitled-1-1.jpg\" alt=\"\" class=\"wp-image-112\" srcset=\"https:\/\/ozrodicia.sk\/wp-content\/uploads\/2020\/06\/Untitled-1-1.jpg 250w, https:\/\/ozrodicia.sk\/wp-content\/uploads\/2020\/06\/Untitled-1-1-150x150.jpg 150w\" sizes=\"(max-width: 250px) 100vw, 250px\" \/><\/figure>\n<\/div>\n\n\n\n<div class=\"wp-block-column\" style=\"flex-basis:66.66%\">\n<h1><span style=\"color: #dc9018;\">Michal Kr\u010dm\u00e9ry<\/span><\/h1>\n<h6>Man\u017eel a otec troch det\u00ed, ktor\u00fd chce, aby sa t\u00e9my, ktor\u00fdmi \u017eij\u00fa mnoh\u00e9 rodiny na Slovensku, dostali aj do verejnej diskusie. Posledn\u00fdch desa\u0165 rokov sa venujem rozvojovej a humanit\u00e1rnej pomoci a ostatn\u00fdch \u0161es\u0165 rokov sa z\u00e1rove\u0148 spolu s kolegami akt\u00edvne usilujeme o zlep\u0161ovanie podnikate\u013esk\u00e9ho prostredia na Slovensku. <br>Spolu s detmi fand\u00edme Manchestru United a ve\u013emi radi cestujeme &#8211; zatia\u013e sme spolu ako rodinka spoznali 30 kraj\u00edn a terit\u00f3ri\u00ed. A te\u0161\u00edme sa na \u010fal\u0161ie.<\/h6>\n<\/div>\n<\/div>\n\n\n\n<div class=\"wp-block-columns\">\n<div class=\"wp-block-column\" style=\"flex-basis:33.33%\">\n<figure class=\"wp-block-image size-large\"><img loading=\"lazy\" width=\"250\" height=\"250\" src=\"http:\/\/d.wbsprt.com\/ozrodicia.sk\/wp-content\/uploads\/2020\/07\/Simona-Miska-Barca-083ps-1.jpg\" alt=\"\" class=\"wp-image-114\" srcset=\"https:\/\/ozrodicia.sk\/wp-content\/uploads\/2020\/07\/Simona-Miska-Barca-083ps-1.jpg 250w, https:\/\/ozrodicia.sk\/wp-content\/uploads\/2020\/07\/Simona-Miska-Barca-083ps-1-150x150.jpg 150w\" sizes=\"(max-width: 250px) 100vw, 250px\" \/><\/figure>\n<\/div>\n\n\n\n<div class=\"wp-block-column\" style=\"flex-basis:66.66%\">\n<h1><span style=\"color: #dc9018;\">Simona Psotkov\u00e1<\/span><\/h1>\n<h6>Simona je absolventkou Pr\u00e1vnickej fakulty Univerzity Komensk\u00e9ho v Bratislave. Je advok\u00e1tkou Slovenskej advok\u00e1tskej komory a m\u00e1 znalosti nielen z oblasti slovensk\u00e9ho pr\u00e1va, ale aj z oblasti anglick\u00e9ho pr\u00e1va a pr\u00e1va E\u00da, ktor\u00e9 \u0161tudovala &nbsp;na Cambridge University, Faculty of law. M\u00e1 bohat\u00e9 pracovn\u00e9 sk\u00fasenosti, najm\u00e4 v zmluvnom pr\u00e1ve a sporovej agende. V s\u00fa\u010dasnosti pracuje pre s\u00fakromn\u00fa medzin\u00e1rodn\u00fa spolo\u010dnos\u0165 a v\u00fdkon advok\u00e1cie m\u00e1 pozastaven\u00fd. Je vydat\u00e1 a m\u00e1 2 dc\u00e9ry.&nbsp;<\/h6>\n<\/div>\n<\/div>\n\n\n\n<blockquote class=\"wp-block-quote is-style-default\"><p><em>&#8222;D\u00fafam, \u017ee svojimi sk\u00fasenos\u0165ami prispejem k realiz\u00e1cii aktiv\u00edt, ktor\u00e9 zlep\u0161ia kvalitu \u017eivota rodi\u010dov a det\u00ed na Slovensku tak, aby aj moje deti jedn\u00e9ho d\u0148a zalo\u017eili svoje rodiny doma a nie v zahrani\u010d\u00ed.&#8220;&nbsp;<\/em><\/p><\/blockquote>\n\n\n\n<div class=\"wp-block-columns\">\n<div class=\"wp-block-column\" style=\"flex-basis:33.33%\">\n<figure class=\"wp-block-image size-large\"><img loading=\"lazy\" width=\"250\" height=\"250\" src=\"http:\/\/d.wbsprt.com\/ozrodicia.sk\/wp-content\/uploads\/2020\/06\/Janka-1-Vyrez0.jpg\" alt=\"\" class=\"wp-image-95\" srcset=\"https:\/\/ozrodicia.sk\/wp-content\/uploads\/2020\/06\/Janka-1-Vyrez0.jpg 250w, https:\/\/ozrodicia.sk\/wp-content\/uploads\/2020\/06\/Janka-1-Vyrez0-150x150.jpg 150w\" sizes=\"(max-width: 250px) 100vw, 250px\" \/><\/figure>\n<\/div>\n\n\n\n<div class=\"wp-block-column\" style=\"flex-basis:66.66%\">\n<h1><span style=\"color: #dc9018;\">Jana Shepperd<\/span><\/h1>\n<h6>Jana vy\u0161tudovala tlmo\u010dn\u00edctvo a prekladate\u013estvo z anglick\u00e9ho a nemeck\u00e9ho jazyka a absolvovala postgradu\u00e1l zo s\u00fa\u010dasn\u00fdch eur\u00f3pskych \u0161t\u00fadii v UK. Po ukon\u010den\u00ed \u0161t\u00fadia nast\u00fapila do zahrani\u010dnej slu\u017eby a podielala sa na pr\u00edprav\u00e1ch vstupu SR do E\u00da. \u017dila 3 roky pracovne v UK a 3 roky s\u00fakromne v USA (Washington DC). Na Slovensko sa vr\u00e1tila pred 12 rokmi a odvtedy pracuje v oblasti zlep\u0161ovania podnikate\u013esk\u00e9ho prostredia. Z\u00e1rove\u0148 ver\u00ed v silu zdravej ob\u010dianskej spolo\u010dnosti. Z\u00e1 man\u017eela m\u00e1 Ameri\u010dana, s ktor\u00fdm m\u00e1 dve dc\u00e9ry.<\/h6>\n<\/div>\n<\/div>\n\n\n\n<blockquote class=\"wp-block-quote is-style-default\"><p><em>&#8222;Deti s\u00fa najv\u00e4\u010d\u0161\u00ed dar a najv\u00e4\u010d\u0161ia zodpovednos\u0165, ktor\u00fa som v \u017eivote dostala. Chcem sa pok\u00fasi\u0165 prispie\u0165 k zlep\u0161eniu podmienok, v ak\u00fdch deti na Slovensku vyrastaj\u00fa a &#8222;dv\u00edha\u0165 polen\u00e1&#8220;, ktor\u00e9 ich rodi\u010dia musia pritom preskakova\u0165.<\/em><\/p><\/blockquote>\n\n\n\n<div class=\"wp-block-columns\">\n<div class=\"wp-block-column\" style=\"flex-basis:33.33%\">\n<figure class=\"wp-block-image size-large\"><img loading=\"lazy\" width=\"250\" height=\"250\" src=\"http:\/\/d.wbsprt.com\/ozrodicia.sk\/wp-content\/uploads\/2020\/06\/0.jpg\" alt=\"\" class=\"wp-image-108\" srcset=\"https:\/\/ozrodicia.sk\/wp-content\/uploads\/2020\/06\/0.jpg 250w, https:\/\/ozrodicia.sk\/wp-content\/uploads\/2020\/06\/0-150x150.jpg 150w\" sizes=\"(max-width: 250px) 100vw, 250px\" \/><\/figure>\n\n\n\n<p><\/p>\n<\/div>\n\n\n\n<div class=\"wp-block-column\" style=\"flex-basis:66.66%\">\n<h1><span style=\"color: #dc9018;\">Marek Sit\u00e1r<\/span><\/h1>\n<h6>Marek je \u017eenat\u00fd a m\u00e1 2 dc\u00e9ry. Je absolventom obchodnej fakulty Ekonomickej univerzity v Bratislave. M\u00e1 viac ako 15 ro\u010dn\u00e9 sk\u00fasenosti na ved\u00facich poz\u00edci\u00e1ch v dom\u00e1cich aj medzin\u00e1rodn\u00fdch firm\u00e1ch, najm\u00e4 v oblastiach obchodu, marketingu a mana\u017ementu. Moment\u00e1lne sa profesion\u00e1lne venuje poradenstvu. Vo\u013en\u00e9 chv\u00edle tr\u00e1vi s rodinou, najrad\u0161ej v kr\u00e1snej slovenskej pr\u00edrode.&nbsp;<\/h6>\n\n\n\n<p><\/p>\n<\/div>\n<\/div>\n\n\n\n<blockquote class=\"wp-block-quote\"><p><em>&#8222;V OZ Rodi\u010dia.sk chcem prispie\u0165 k  tomu, aby na\u0161e deti vyrastali v zdravom a podnetnom prostred\u00ed a boli veden\u00e9 tak, aby v dospelosti vedeli samostatne kriticky myslie\u0165, proakt\u00edvne kona\u0165 a t\u00fdm tvori\u0165 tak\u00fd svet, v ktorom bud\u00fa chcie\u0165 \u017ei\u0165.<\/em><\/p><\/blockquote>\n\n\n\n<div class=\"wp-block-columns\">\n<div class=\"wp-block-column\" style=\"flex-basis:33.33%\">\n<figure class=\"wp-block-image size-large\"><img loading=\"lazy\" width=\"250\" height=\"250\" src=\"http:\/\/d.wbsprt.com\/ozrodicia.sk\/wp-content\/uploads\/2020\/06\/Untitled-1.jpg\" alt=\"\" class=\"wp-image-96\" srcset=\"https:\/\/ozrodicia.sk\/wp-content\/uploads\/2020\/06\/Untitled-1.jpg 250w, https:\/\/ozrodicia.sk\/wp-content\/uploads\/2020\/06\/Untitled-1-150x150.jpg 150w\" sizes=\"(max-width: 250px) 100vw, 250px\" \/><\/figure>\n<\/div>\n\n\n\n<div class=\"wp-block-column\" style=\"flex-basis:66.66%\">\n<h1><span style=\"color: #dc9018;\">Patrik Tome\u0161<\/span><\/h1>\n<h6>Patrik je grafick\u00fd dizajn\u00e9r, in\u0161titucion\u00e1lna pam\u00e4\u0165 Americkej obchodnej komory a spoluzakladate\u013e komunitn\u00e9ho centra a Bratislavsk\u00e9ho bedekra Los Papas. Je otcom dvoch stvoren\u00ed z ktor\u00fdch sa sna\u017e\u00ed vychova\u0165 dobr\u00fdch a samostatn\u00fdch \u013eud\u00ed.&nbsp;<\/h6>\n\n\n\n<p><\/p>\n<\/div>\n<\/div>\n\n\n\n<blockquote class=\"wp-block-quote\"><p><em>&#8222;V\u00fdchovu vid\u00edm jednoducho \u2013 sta\u010d\u00ed da\u0165 de\u0165om dvakr\u00e1t viac svojho \u010dasu a o polovicu menej pe\u0148az\u00ed a v\u00fdsledok sa ur\u010dite dostav\u00ed!<\/em><\/p><\/blockquote>\n\n\n\n<hr class=\"wp-block-separator\"\/>\n\n\n\n<h2><strong>N\u00e1\u0161 t\u00edm<\/strong><\/h2>\n\n\n\n<div class=\"wp-block-columns\">\n<div class=\"wp-block-column\" style=\"flex-basis:33.33%\">\n<figure class=\"wp-block-image size-large\"><img loading=\"lazy\" width=\"250\" height=\"250\" src=\"https:\/\/ozrodicia.sk\/wp-content\/uploads\/2020\/10\/naty.jpg\" alt=\"\" class=\"wp-image-197\" srcset=\"https:\/\/ozrodicia.sk\/wp-content\/uploads\/2020\/10\/naty.jpg 250w, https:\/\/ozrodicia.sk\/wp-content\/uploads\/2020\/10\/naty-150x150.jpg 150w\" sizes=\"(max-width: 250px) 100vw, 250px\" \/><\/figure>\n\n\n\n<p><\/p>\n<\/div>\n\n\n\n<div class=\"wp-block-column\" style=\"flex-basis:66.66%\">\n<h1><span style=\"color: #dc9018;\">Nat\u00e1lia Spodniak<\/span><\/h1>\n<h6>PR &amp; Marketing, OZ Rodi\u010dia.sk<\/h6>\n<h6>+421 905 378 588<\/h6>\n\n\n\n<p><\/p>\n<\/div>\n<\/div>\n\n\n\n<div class=\"wp-block-columns\">\n<div class=\"wp-block-column\" style=\"flex-basis:33.33%\">\n<figure class=\"wp-block-image size-large\"><img loading=\"lazy\" width=\"250\" height=\"250\" src=\"https:\/\/ozrodicia.sk\/wp-content\/uploads\/2020\/11\/peto_sklenar2.jpg\" alt=\"\" class=\"wp-image-241\" srcset=\"https:\/\/ozrodicia.sk\/wp-content\/uploads\/2020\/11\/peto_sklenar2.jpg 250w, https:\/\/ozrodicia.sk\/wp-content\/uploads\/2020\/11\/peto_sklenar2-150x150.jpg 150w\" sizes=\"(max-width: 250px) 100vw, 250px\" \/><\/figure>\n\n\n\n<p><\/p>\n<\/div>\n\n\n\n<div class=\"wp-block-column\" style=\"flex-basis:66.66%\">\n<h1><span style=\"color: #dc9018;\">Peter Sklen\u00e1r<\/span><\/h1>\n<h6>Prieskumy a anal\u00fdzy<\/h6>\n<h6>+421 918 581 254<\/h6>\n<h6><a href=\"mailto:Peter.sklenar@2muse.sk\">Peter.sklenar@2muse.sk<\/a><\/h6>\n\n\n\n<p><\/p>\n<\/div>\n<\/div>\n\n\n\n<p><\/p>\n","protected":false},"excerpt":{"rendered":"<p>Ob\u010dianske zdru\u017eenie Rodi\u010dia.sk je dobrovo\u013en\u00fdm, mimovl\u00e1dnym, nez\u00e1visl\u00fdm, neziskov\u00fdm ob\u010dianskym zdru\u017een\u00edm. Sp\u00e1ja n\u00e1s presved\u010denie, \u017ee len skuto\u010dne priazniv\u00e9 podmienky pre \u017eivot [&hellip;]<\/p>\n","protected":false},"author":1,"featured_media":0,"parent":0,"menu_order":0,"comment_status":"closed","ping_status":"closed","template":"","meta":{"sfsi_plus_gutenberg_text_before_share":"","sfsi_plus_gutenberg_show_text_before_share":"","sfsi_plus_gutenberg_icon_type":"","sfsi_plus_gutenberg_icon_alignemt":"","sfsi_plus_gutenburg_max_per_row":"","_mi_skip_tracking":false,"_monsterinsights_sitenote_active":false,"_monsterinsights_sitenote_note":"","_monsterinsights_sitenote_category":0},"_links":{"self":[{"href":"https:\/\/ozrodicia.sk\/index.php?rest_route=\/wp\/v2\/pages\/31"}],"collection":[{"href":"https:\/\/ozrodicia.sk\/index.php?rest_route=\/wp\/v2\/pages"}],"about":[{"href":"https:\/\/ozrodicia.sk\/index.php?rest_route=\/wp\/v2\/types\/page"}],"author":[{"embeddable":true,"href":"https:\/\/ozrodicia.sk\/index.php?rest_route=\/wp\/v2\/users\/1"}],"replies":[{"embeddable":true,"href":"https:\/\/ozrodicia.sk\/index.php?rest_route=%2Fwp%2Fv2%2Fcomments&post=31"}],"version-history":[{"count":5,"href":"https:\/\/ozrodicia.sk\/index.php?rest_route=\/wp\/v2\/pages\/31\/revisions"}],"predecessor-version":[{"id":1015,"href":"https:\/\/ozrodicia.sk\/index.php?rest_route=\/wp\/v2\/pages\/31\/revisions\/1015"}],"wp:attachment":[{"href":"https:\/\/ozrodicia.sk\/index.php?rest_route=%2Fwp%2Fv2%2Fmedia&parent=31"}],"curies":[{"name":"wp","href":"https:\/\/api.w.org\/{rel}","templated":true}]}}