{"id":1107,"date":"2025-07-30T08:01:00","date_gmt":"2025-07-30T06:01:00","guid":{"rendered":"https:\/\/ozrodicia.sk\/?page_id=1107"},"modified":"2025-07-30T08:04:10","modified_gmt":"2025-07-30T06:04:10","slug":"ako-vnimaju-rodicia-a-verejnost-problem-sikany-na-slovenskych-skolach","status":"publish","type":"page","link":"https:\/\/ozrodicia.sk\/?page_id=1107","title":{"rendered":"Ako vn\u00edmaj\u00fa rodi\u010dia a verejnos\u0165 probl\u00e9m \u0161ikany na slovensk\u00fdch \u0161kol\u00e1ch?"},"content":{"rendered":"\n<p>T\u00e9ma \u0161ikany sa v posledn\u00fdch rokoch spom\u00edna st\u00e1le \u010dastej\u0161ie. Predmetom verejnej debaty sa st\u00e1va po v\u00e4\u010d\u0161inou tragick\u00fdch pr\u00edpadoch, ktor\u00e9 sa dostan\u00fa do hlavn\u00fdch spr\u00e1v, na \u00farovni \u0161koly vtedy, ke\u010f sa na \u0161kole rie\u0161i konkr\u00e9tny pr\u00edpad. Mnoho kompetentn\u00fdch organiz\u00e1ci\u00ed vydalo v poslednom obdob\u00ed odborn\u00e9 publik\u00e1cie, anal\u00fdzy \u010di priamo n\u00e1vody na to, ako by sa mala \u0161ikana na p\u00f4de \u0161k\u00f4l rie\u0161i\u0165.&nbsp;<\/p>\n\n\n\n<p>Aby sme lep\u0161ie pochopili vn\u00edmanie tejto t\u00e9my verejnos\u0165ou a najm\u00e4 rodi\u010dmi, na\u0161e ob\u010dianske zdru\u017eenie Rodi\u010dia.sk v spolupr\u00e1ci s <strong>agent\u00farou 2muse<\/strong> zrealizovalo v m\u00e1ji 2025 kvantitat\u00edvny ad-hoc prieskum na reprezentat\u00edvnej vzorke slovenskej popul\u00e1cie vo veku 18+ (1017 respondentov, v tom 379 rod\u00edn s de\u0165mi na \u0161kol\u00e1ch).&nbsp;<\/p>\n\n\n\n<h2 class=\"has-text-color\" style=\"color:#dc9018\"><strong>Hlavn\u00e9 zistenia prieskumu<\/strong><\/h2>\n\n\n\n<ul><li>9 z 10 rodi\u010dov pova\u017euje \u0161ikanu za probl\u00e9m na \u0161kol\u00e1ch, \u0161irok\u00e1 verejnos\u0165 to vn\u00edma rovnako.<\/li><li>Takmer polovica rodi\u010dov (46\u202f%) det\u00ed v \u0161kol\u00e1ch potvrdilo, \u017ee ich die\u0165a m\u00e1 osobn\u00fa sk\u00fasenos\u0165 so \u0161ikanou. Naj\u010dastej\u0161ie ide o slovn\u00fa \u0161ikanu, nasleduje soci\u00e1lna \u0161ikana.<\/li><li>A\u017e 76\u202f% det\u00ed s takouto sk\u00fasenos\u0165ou m\u00e1 rodi\u010da, ktor\u00fd bol s\u00e1m obe\u0165ou \u0161ikany.<\/li><li>A\u017e 40\u202f% rodi\u010dov obet\u00ed \u0161ikany je nespokojn\u00fdch s r\u00fdchlos\u0165ou reakcie \u0161koly. U rodi\u010dov stredo\u0161kol\u00e1kov je najv\u00e4\u010d\u0161ia nespokojnos\u0165 (50\u202f%) s diskr\u00e9tnos\u0165ou pri rie\u0161en\u00ed vzniknut\u00fdch probl\u00e9mov.<\/li><li>Tretina rodi\u010dov nevid\u00ed na \u0161kole pre svoje die\u0165a pocit bezpe\u010dia vo vz\u0165ahu ku \u0161ikane.<\/li><li>Rodi\u010dia veria \u0161kol\u00e1m pri rie\u0161en\u00ed \u0161ikany viac ako \u0161irok\u00e1 verejnos\u0165, miera d\u00f4very je v\u0161ak u oboch skup\u00edn neuspokojiv\u00e1 &#8211; 38\u202f% popul\u00e1cie a 48\u202f% rodi\u010dov. Najni\u017e\u0161iu mieru d\u00f4very maj\u00fa rodi\u010dia, ktor\u00fdch die\u0165a chod\u00ed na Z\u0160.<\/li><li>Rodi\u010dia \u0161kol\u00e1kov pokladaj\u00fa za najz\u00e1va\u017enej\u0161ie fyzick\u00e9 \u0161ikanovanie, popul\u00e1cia verb\u00e1lnu \u0161ikanu.&nbsp;<\/li><li>Region\u00e1lne je najvy\u0161\u0161ia miera nespokojnosti s rie\u0161en\u00edm \u0161ikany na \u0161kol\u00e1ch v BB kraji. Naopak najni\u017e\u0161ia je v kraji Nitrianskom.<\/li><li>A\u017e 48\u202f% dospel\u00fdch malo v detstve sk\u00fasenos\u0165 so \u0161ikanou, a a\u017e 64\u202f% z rodi\u010dov, ktor\u00ed v mladosti \u0161ikanu za\u017eili, uv\u00e1dza, \u017ee ich vlastn\u00e9 die\u0165a za\u017e\u00edva \u0161ikanu dnes.<\/li><\/ul>\n\n\n\n<h2 class=\"has-text-color\" style=\"color:#dc9018\"><strong>Sk\u00fasenos\u0165 s \u0161ikanou m\u00e1 takmer polovica det\u00ed<\/strong><\/h2>\n\n\n\n<p>Pod\u013ea v\u00fdsledkov prieskumu m\u00e1 a\u017e 46 % rodi\u010dov det\u00ed nav\u0161tevuj\u00facich \u0161kolu sk\u00fasenos\u0165 s t\u00fdm, \u017ee ich die\u0165a bolo obe\u0165ou \u0161ikany. Naj\u010dastej\u0161ou formou je verb\u00e1lna \u0161ikana, nasledovan\u00e1 soci\u00e1lnou a fyzickou. Zauj\u00edmav\u00fdm zisten\u00edm je, \u017ee a\u017e tri \u0161tvrtiny det\u00ed, ktor\u00e9 za\u017eili \u0161ikanu, maj\u00fa rodi\u010da, ktor\u00fd bol v detstve tie\u017e \u0161ikanovan\u00fd.<\/p>\n\n\n\n<p><strong><a href=\"https:\/\/www.skutocnezdravaskola.sk\/nas-tim\">Katar\u00edna Medve\u010fov\u00e1<\/a>,<\/strong> ktor\u00e1 m\u00e1 tri deti a p\u00f4sob\u00ed ako lektorka v zdru\u017een\u00ed Skuto\u010dne zdrav\u00e1 \u0161kola, kde sa dlhoro\u010dne venuj\u00fa praktick\u00e9mu vzdel\u00e1vaniu \u017eiakov, pedag\u00f3gov a pracovn\u00edkov \u0161kolsk\u00fdch jed\u00e1ln\u00ed na Slovensku pripom\u00edna, \u017ee aj oni t\u00e9mu \u0161ikany pozorne sleduj\u00fa, preto\u017ee do verb\u00e1lnej \u0161ikany patria ve\u013emi \u010dasto pozn\u00e1mky o jedle a tzv. bodyshaming. Tie m\u00f4\u017eu nesk\u00f4r prispie\u0165 k v\u00e1\u017enym probl\u00e9mom \u017eiakov a mlad\u00fdch \u013eud\u00ed a rozvoju por\u00fach pr\u00edjmu potravy.<\/p>\n\n\n\n<h4><strong>Graf \u010d.1 \u2013 Sk\u00fasenos\u0165 die\u0165a\u0165a s konkr\u00e9tnym typom \u0161ikanovania<\/strong><\/h4>\n\n\n\n<figure class=\"wp-block-image\"><img src=\"https:\/\/lh7-rt.googleusercontent.com\/docsz\/AD_4nXcy3plXpTOzqojjX29EQFzbWd9Ytv8H20-Caj6fize8cCGEeI668azrsE3I6cVa-Sg-h13bNcPN0HBJNJ-8TiuDKgFMMMr7ZO__wk9nVJermbNkHmXledEXXSSpYhvBPa3VUuRKaw?key=VAOpKYO0_XjXFBoVgdKbBw\" alt=\"\"\/><\/figure>\n\n\n\n<h2 class=\"has-text-color\" style=\"color:#dc9018\"><strong>Rodi\u010dia s\u00fa \u010dasto nespokojn\u00ed s reakciou \u0161koly<\/strong><\/h2>\n\n\n\n<p>Pribli\u017ene dve p\u00e4tiny rodi\u010dov, ktor\u00fdch die\u0165a bolo \u0161ikanovan\u00e9, vyjadrili nespokojnos\u0165 s r\u00fdchlos\u0165ou, akou \u0161kola za\u010dala situ\u00e1ciu rie\u0161i\u0165. Pri rodi\u010doch det\u00ed na stredn\u00fdch \u0161kol\u00e1ch sa objavila aj v\u00fdrazn\u00e1 nespokojnos\u0165 s diskr\u00e9tnos\u0165ou rie\u0161enia \u2013 a\u017e polovica z nich mala v\u00fdhrady. Celkovo len pribli\u017ene 45 % rodi\u010dov hodnot\u00ed kompetentnos\u0165 \u0161k\u00f4l pri rie\u0161en\u00ed \u0161ikany ako uspokojiv\u00fa. <br><br>Z\u00e1rove\u0148 plat\u00ed, \u017ee medzi rodi\u010dmi stredo\u0161kol\u00e1kov sa nena\u0161iel \u017eiaden rodi\u010d, ktor\u00fd by bol  &#8222;mimoriadne spokojn\u00fd&#8220; s t\u00fdm, ako situ\u00e1ciu \u0161kola vyrie\u0161ila. Z vyjadren\u00ed respondentov je zjavn\u00e9, \u017ee t\u00e9ma \u0161ikany a citlivos\u0165 na jej rie\u0161enie sa s vekom \u017eiakov stup\u0148uje a najviac by sme ako spolo\u010dnos\u0165 mali zlep\u0161i\u0165 mieru kompetentnosti na S\u0160, kedy s\u00fa \u017eiaci v obdob\u00ed dospievania. Ke\u010f\u017ee sami rodi\u010dia prizn\u00e1vaj\u00fa, \u017ee nie v\u0161etci vedia v pr\u00edpadoch \u0161ikany spr\u00e1vne reagova\u0165 a kona\u0165 (odhaduj\u00fa to na 60%), je osveta a komunik\u00e1cia s rodi\u010dmi \u0161kol\u00e1kov ve\u013ekou v\u00fdzvou.  <\/p>\n\n\n\n<h4><strong>Graf \u010d.2 &#8211; Miera spokojnosti s rie\u0161en\u00edm \u0161ikany na \u0161kol\u00e1ch<\/strong><\/h4>\n\n\n\n<figure class=\"wp-block-image\"><img src=\"https:\/\/lh7-rt.googleusercontent.com\/docsz\/AD_4nXdbTlYcStyqIb2bytITUOaOf9Ct-ebfE6TYN2K2zuJhBfYJJfdwp240lApgOs8eF66bS6_VfTLD7AmKN2Z2U1sWbb7U2mgX29RgkOf4YqVa6p6BJVwpKaiUTuBKI5Gqh-6ppaYI?key=VAOpKYO0_XjXFBoVgdKbBw\" alt=\"\"\/><\/figure>\n\n\n\n<h2 class=\"has-text-color\" style=\"color:#dc9018\"><strong>Pocit bezpe\u010dia a d\u00f4vera v \u0161koly ch\u00fdba<\/strong><\/h2>\n\n\n\n<p>Jedna tretina rodi\u010dov nem\u00e1 pocit, \u017ee by sa ich die\u0165a v \u0161kole c\u00edtilo bezpe\u010dne. Tento pocit je e\u0161te v\u00fdraznej\u0161\u00ed medzi rodi\u010dmi det\u00ed na z\u00e1kladn\u00fdch \u0161kol\u00e1ch, kde sa prid\u00e1va aj vn\u00edman\u00fd nedostatok tolerancie a \u00facty v \u0161kolskom prostred\u00ed. Viac ako polovica \u0161irokej verejnosti ned\u00f4veruje \u0161kol\u00e1m, \u017ee dok\u00e1\u017eu \u0161ikanu rie\u0161i\u0165 spr\u00e1vne. Najv\u00e4\u010d\u0161ia ned\u00f4vera panuje medzi rodi\u010dmi det\u00ed na Z\u0160. &#8222;Tento poznatok si ur\u010dite zasl\u00fa\u017ei pozornos\u0165 n\u00e1s v\u0161etk\u00fdch, preto\u017ee ak je pravdou, \u017ee ka\u017ed\u00e9 tretie die\u0165a sa v \u0161kole nec\u00edti komfortne alebo dokonca bezpe\u010dne, nem\u00f4\u017eeme od nich o\u010dak\u00e1va\u0165 plnohodnotn\u00e9 zapojenie sa do vzdel\u00e1vacieho procesu. Netrpia teda len z poh\u013eadu du\u0161evn\u00e9ho zdravia ale aj vzdelania&#8220;, kon\u0161tatuje <strong>Matej Stu\u0161ka, riadite\u013e Rodi\u010dia.sk.    <\/strong><\/p>\n\n\n\n<h4><strong>Graf \u010d.3 &#8211; Vn\u00edmanie jednotliv\u00fdch aspektov probl\u00e9mu \u0161ikany na \u0161kol\u00e1ch&nbsp;<\/strong><\/h4>\n\n\n\n<figure class=\"wp-block-image\"><img src=\"https:\/\/lh7-rt.googleusercontent.com\/docsz\/AD_4nXcHolqA6QHfGvXiFp4K_n7SAzLl78r0JMBrn0KnTUdeb_tLuqwZumGqoSh1W1PUPzB2P-RzQlImI8kceG_zH5tCTGLDWxN_Z_BsSGwX8cT9sirxmUj39dxrLMFf6CHQo6h8COsAmw?key=VAOpKYO0_XjXFBoVgdKbBw\" alt=\"\"\/><\/figure>\n\n\n\n<h2 class=\"has-text-color\" style=\"color:#dc9018\"><strong>Region\u00e1lne rozdiely: Nitriansky kraj ako pozit\u00edvna v\u00fdnimka<\/strong><\/h2>\n\n\n\n<p>Z region\u00e1lneho poh\u013eadu vych\u00e1dza najhor\u0161ie Banskobystrick\u00fd a Ko\u0161ick\u00fd kraj, kde je najvy\u0161\u0161ia miera nespokojnosti s rie\u0161en\u00edm \u0161ikany. Naopak, najvy\u0161\u0161iu mieru spokojnosti a d\u00f4very v \u0161koly vykazuj\u00fa rodi\u010dia z Nitrianskeho kraja.<\/p>\n\n\n\n<h4><strong>Graf \u010d.4 &#8211; Miera spokojnosti s rie\u0161en\u00edm \u0161ikany na \u0161kol\u00e1ch pod\u013ea krajov<\/strong><\/h4>\n\n\n\n<figure class=\"wp-block-image\"><img src=\"https:\/\/lh7-rt.googleusercontent.com\/docsz\/AD_4nXfcIKWJwV8PrLiT0IQZA0gelfUdBhZMCp804PvirrPiIQAIiKRCNpdDKS5GX8LjeR7c1m8G6IOOy-vWL95AImXY2x41Iw22gWWBLx5aRdfd_pw2j9ohiNF8AFgbv5Y2_LMUq8m6Jw?key=VAOpKYO0_XjXFBoVgdKbBw\" alt=\"\"\/><\/figure>\n\n\n\n<h2 class=\"has-text-color\" style=\"color:#dc9018\"><strong>\u0160ikana ako genera\u010dn\u00fd probl\u00e9m<\/strong><\/h2>\n\n\n\n<p>Prieskum uk\u00e1zal, \u017ee takmer polovica dospelej popul\u00e1cie (48 %) za\u017eila \u0161ikanu po\u010das svojho detstva. Naj\u010dastej\u0161ie mali \u013eudia sk\u00fasenos\u0165 s verb\u00e1lnou \u0161ikanou, ktor\u00fa za\u017eila na vlastnej ko\u017ei a\u017e jedna tretina popul\u00e1cie. \u010co je v\u0161ak ve\u013emi zauj\u00edmav\u00e9, a\u017e 64 % rodi\u010dov, \u010do s\u00fa takmer dve tretiny, ktor\u00ed boli v detstve \u0161ikanovan\u00ed, uv\u00e1dza, \u017ee \u0161ikanu za\u017e\u00edva aj ich die\u0165a. Tento fakt poukazuje na potrebu syst\u00e9mov\u00fdch zmien a prevencie, ktor\u00e9 by tento genera\u010dn\u00fd cyklus mohli preru\u0161i\u0165.<\/p>\n\n\n\n<p><strong>Katar\u00edna Lichv\u00e1rov\u00e1 z na\u0161ej skupiny pre vzdel\u00e1vanie, ktor\u00e1 je u\u010dite\u013ekou na gymn\u00e1ziu a sama m\u00e1 dve deti:<em> <\/em><\/strong><em>&#8222;v\u00fdsledky prieskumov potvrdzuj\u00fa to, \u010do u\u010ditelia a rodi\u010dia vn\u00edmaj\u00fa dlhodobo, a s\u00edce \u017ee \u0161ikana je re\u00e1lny fenom\u00e9n na na\u0161ich \u0161kol\u00e1ch, s ktor\u00fdm sa jednoducho mus\u00edme konfrontova\u0165. Najlep\u0161ia je v\u017edy osveta a snaha t\u00fdmto situ\u00e1ci\u00e1m predch\u00e1dza\u0165, preto\u017ee rie\u0161enie pr\u00edpadov \u0161ikany v praxi je pre deti, rodi\u010dov ale aj u\u010dite\u013eov a vedenie \u0161k\u00f4l nesmierne n\u00e1ro\u010dn\u00e9.&#8220;<\/em><\/p>\n\n\n\n<h4><strong>Graf \u010d.5 &#8211; Osobn\u00e1 sk\u00fasenos\u0165 popul\u00e1cie SR so \u0161ikanou<\/strong><\/h4>\n\n\n\n<figure class=\"wp-block-image\"><img src=\"https:\/\/lh7-rt.googleusercontent.com\/docsz\/AD_4nXcoNs4mJpxIUFmpkc4Tx1oxvdalzGQDUz06i-4hu5b_btyr2fow6MPvxijTKJlXaRhXuwCkDTTAwsUhWjZ5d0WYvfpC3MeiOc5mJ_RlOtPI4Z-KrigVf1kUW-ogAQEfxDAvHjYaCg?key=VAOpKYO0_XjXFBoVgdKbBw\" alt=\"\"\/><\/figure>\n\n\n\n<h2 class=\"has-luminous-vivid-orange-color has-text-color\" id=\"block-7c5612ae-7f7e-4b66-aa1c-80b4839da24f\"><strong>Z\u00e1ver:<\/strong><\/h2>\n\n\n\n<p>Je teda zjavn\u00e9, \u017ee \u0161ikana tu s nami bola, st\u00e1le je a evidentne aj bude. Digitaliz\u00e1cia ale priniesla nov\u00e9 rozmery a v\u00fdzvy v s\u00favislosti so \u0161ikanou, ktor\u00e9 n\u00e1m pripom\u00ednaj\u00fa, \u017ee t\u00fato t\u00e9mu mus\u00edme bra\u0165 v\u00e1\u017ene a ne\u010daka\u0165, \u017ee sa vyrie\u0161i sama. Najm\u00e4 ak sa ukazuje, \u017ee pre ve\u013ek\u00fa \u010das\u0165 obyvate\u013eov Slovenska je to genera\u010dn\u00fd probl\u00e9m, s ktor\u00fdm sa ich rodiny musia vysporiada\u0165. Ka\u017ed\u00fd, kto \u0161ikanu za\u017eil vo svojom okol\u00ed pritom vie, ak\u00e1 hrozn\u00e1 sk\u00fasenos\u0165 to je nielen pre die\u0165a ale jeho rodi\u010dov a ak\u00e9 n\u00e1sledky na du\u0161evnom zdrav\u00ed det\u00ed to zanech\u00e1va. Navy\u0161e je zrejm\u00e9, \u017ee ak sa deti v \u0161kole nec\u00edtia bezpe\u010dne, nem\u00f4\u017eu sa ani plnohodnotne vzdel\u00e1va\u0165, \u010do je strata nielen pre dotknut\u00e9 deti ale cel\u00fa spolo\u010dnos\u0165. A treba pripomen\u00fa\u0165, \u017ee na konci d\u0148a, ke\u010f sa ak\u00fdko\u013evek pr\u00edpad \u0161ikany preval\u00ed, zanech\u00e1va rany na strane \u0161ikanovan\u00fdch aj \u0161ikanuj\u00facich. <\/p>\n\n\n\n<p>T\u00e9me sa preto mus\u00edme v\u0161etci postavi\u0165 \u010delom a venova\u0165 jej ve\u013ek\u00fa pozornos\u0165. V\u010faka patr\u00ed v\u0161etk\u00fdm verejn\u00fdm, \u0161t\u00e1tnym alebo ne\u0161t\u00e1tnym in\u0161tit\u00faci\u00e1m, ktor\u00e9 sa t\u00e9me akt\u00edvne venuj\u00fa a samozrejme \u0161kol\u00e1m, pedag\u00f3gom a ich odborn\u00fdm asistentom, na pleciach ktor\u00fdch le\u017e\u00ed rie\u0161enie t\u00fdchto situ\u00e1cii v praxi. <strong>Ako v\u0161ak aj tento prieskum dokazuje, najv\u00e4\u010d\u0161ia miera zodpovednosti je na n\u00e1s rodi\u010doch, ktor\u00ed sme pre na\u0161e deti vzormi a vedieme ich k z\u00e1kladn\u00fdm vzorcom spr\u00e1vania sa. A ke\u010f\u017ee 40% z n\u00e1s nevie, ako m\u00e1 vlastne v pr\u00edpade \u0161ikany na \u0161kole postupova\u0165, je tu op\u00e4\u0165 ve\u013ek\u00fd priestor na zv\u00fd\u0161enie intenzity komunik\u00e1cie \u0161koly s rodi\u010dmi a osvetu v t\u00e9mach, ktor\u00e9 s\u00fa pre n\u00e1s a na\u0161e deti d\u00f4le\u017eit\u00e9 minim\u00e1lne tak ako koncoro\u010dn\u00e9 vysved\u010denie. <\/strong>&nbsp; &nbsp;<\/p>\n\n\n\n<p class=\"has-text-align-right\"><img loading=\"lazy\" width=\"1094\" height=\"322\" class=\"wp-image-9\" style=\"width: 150px;\" src=\"http:\/\/ozrodicia.sk\/wp-content\/uploads\/2020\/05\/RDC2020_logo.png\" alt=\"\" srcset=\"https:\/\/ozrodicia.sk\/wp-content\/uploads\/2020\/05\/RDC2020_logo.png 1094w, https:\/\/ozrodicia.sk\/wp-content\/uploads\/2020\/05\/RDC2020_logo-300x88.png 300w, https:\/\/ozrodicia.sk\/wp-content\/uploads\/2020\/05\/RDC2020_logo-1024x301.png 1024w, https:\/\/ozrodicia.sk\/wp-content\/uploads\/2020\/05\/RDC2020_logo-768x226.png 768w, https:\/\/ozrodicia.sk\/wp-content\/uploads\/2020\/05\/RDC2020_logo-710x210.png 710w\" sizes=\"(max-width: 1094px) 100vw, 1094px\" \/><\/p>\n\n\n\n<div class=\"wp-block-buttons\">\n<div class=\"wp-block-button\"><a class=\"wp-block-button__link has-background\" href=\"http:\/\/ozrodicia.sk\/wp-content\/uploads\/2025\/07\/OZR2025_jun_sikana.pdf\" style=\"background-color:#dc9018\" target=\"_blank\" rel=\"noreferrer noopener\">Podrobnej\u0161ie inform\u00e1cie o prieskume si m\u00f4\u017eete stiahnu\u0165 tu. (.PDF)<\/a><\/div>\n<\/div>\n\n\n\n<p><\/p>\n","protected":false},"excerpt":{"rendered":"<p>T\u00e9ma \u0161ikany sa v posledn\u00fdch rokoch spom\u00edna st\u00e1le \u010dastej\u0161ie. Predmetom verejnej debaty sa st\u00e1va po v\u00e4\u010d\u0161inou tragick\u00fdch pr\u00edpadoch, ktor\u00e9 sa [&hellip;]<\/p>\n","protected":false},"author":1,"featured_media":1109,"parent":0,"menu_order":0,"comment_status":"closed","ping_status":"closed","template":"","meta":{"sfsi_plus_gutenberg_text_before_share":"","sfsi_plus_gutenberg_show_text_before_share":"","sfsi_plus_gutenberg_icon_type":"","sfsi_plus_gutenberg_icon_alignemt":"","sfsi_plus_gutenburg_max_per_row":"","_mi_skip_tracking":false,"_monsterinsights_sitenote_active":false,"_monsterinsights_sitenote_note":"","_monsterinsights_sitenote_category":0},"_links":{"self":[{"href":"https:\/\/ozrodicia.sk\/index.php?rest_route=\/wp\/v2\/pages\/1107"}],"collection":[{"href":"https:\/\/ozrodicia.sk\/index.php?rest_route=\/wp\/v2\/pages"}],"about":[{"href":"https:\/\/ozrodicia.sk\/index.php?rest_route=\/wp\/v2\/types\/page"}],"author":[{"embeddable":true,"href":"https:\/\/ozrodicia.sk\/index.php?rest_route=\/wp\/v2\/users\/1"}],"replies":[{"embeddable":true,"href":"https:\/\/ozrodicia.sk\/index.php?rest_route=%2Fwp%2Fv2%2Fcomments&post=1107"}],"version-history":[{"count":1,"href":"https:\/\/ozrodicia.sk\/index.php?rest_route=\/wp\/v2\/pages\/1107\/revisions"}],"predecessor-version":[{"id":1108,"href":"https:\/\/ozrodicia.sk\/index.php?rest_route=\/wp\/v2\/pages\/1107\/revisions\/1108"}],"wp:featuredmedia":[{"embeddable":true,"href":"https:\/\/ozrodicia.sk\/index.php?rest_route=\/wp\/v2\/media\/1109"}],"wp:attachment":[{"href":"https:\/\/ozrodicia.sk\/index.php?rest_route=%2Fwp%2Fv2%2Fmedia&parent=1107"}],"curies":[{"name":"wp","href":"https:\/\/api.w.org\/{rel}","templated":true}]}}